{"id":999,"date":"2017-08-16T12:18:44","date_gmt":"2017-08-16T12:18:44","guid":{"rendered":"http:\/\/victoria-ig.de\/?page_id=999"},"modified":"2020-04-22T11:35:37","modified_gmt":"2020-04-22T11:35:37","slug":"vorstellung-manfred-sprenger-kr-35-snsswh-pionier-mit-columbus-motor","status":"publish","type":"page","link":"https:\/\/victoria-ig.de\/?page_id=999","title":{"rendered":"Vorstellung: Manfred Sprenger &#8211; KR 35 SN\/SS\/WH Pionier \/ KR8\/9 Fahrmeister"},"content":{"rendered":"<p>Mein Name ist Manfred Erich Sprenger und meine Eltern (die schon mit einer Aero unterwegs waren) wollten, dass ich in einem total Victoria-verseuchten Dorf aufwachse. Im Taunus, etwa 12 km \u00f6stlich von der weltbekannten Loreley am Mittelrhein entfernt, findet man Miehlen. Dreimal schon war hier der Nabel der Victoria-Welt bei den Jahrestreffen 1995, 2005 und 2015.<a href=\"https:\/\/victoria-ig.de\/wp-content\/uploads\/2017\/08\/Pionier-Bild2.spr_.jpg\"><img loading=\"lazy\" decoding=\"async\" class=\"aligncenter size-medium wp-image-1001\" src=\"https:\/\/victoria-ig.de\/wp-content\/uploads\/2017\/08\/Pionier-Bild2.spr_-300x190.jpg\" alt=\"\" width=\"300\" height=\"190\" srcset=\"https:\/\/victoria-ig.de\/wp-content\/uploads\/2017\/08\/Pionier-Bild2.spr_-300x190.jpg 300w, https:\/\/victoria-ig.de\/wp-content\/uploads\/2017\/08\/Pionier-Bild2.spr_-768x487.jpg 768w, https:\/\/victoria-ig.de\/wp-content\/uploads\/2017\/08\/Pionier-Bild2.spr_-1024x650.jpg 1024w, https:\/\/victoria-ig.de\/wp-content\/uploads\/2017\/08\/Pionier-Bild2.spr_.jpg 1433w\" sizes=\"auto, (max-width: 300px) 100vw, 300px\" \/><\/a>Anfang der F\u00fcnfziger Jahre hatte ein umtriebiger Victoria-H\u00e4ndler hier seine Werkstatt. In fast jedem Schuppen oder Scheune war eine Victoria zu finden, entweder ein Moped oder eine Aero. Als Jungs hatten wir keine Nachschubprobleme wenn wir Zweir\u00e4der suchten um damit \u00fcber die Feldwege zu brettern, dann schon eher mit dem Geld f\u00fcr den Sprit. Man k\u00f6nnte heute heulen, wenn man dar\u00fcber nachdenkt was mit dem Zweirad-Material f\u00fcr einen Unsinn getrieben wurde. War eine kaputt, gab`s die N\u00e4chste, entweder geschenkt weil sie ja eh weggeschmissen worden w\u00e4re oder f\u00fcr 5 Mark wenn der Besitzer gesch\u00e4ftst\u00fcchtig war. Wir reden von der Zeit Anfang der Siebziger, da hat sich noch kein Mensch f\u00fcr alte Motorr\u00e4der interessiert nur weil sie alt waren, sondern nur weil sie billig zu haben waren.<a href=\"https:\/\/victoria-ig.de\/wp-content\/uploads\/2017\/08\/kr35.pionier.werbung.farbe_.LOW_.jpg\"><img loading=\"lazy\" decoding=\"async\" class=\"aligncenter size-medium wp-image-1027\" src=\"https:\/\/victoria-ig.de\/wp-content\/uploads\/2017\/08\/kr35.pionier.werbung.farbe_.LOW_-222x300.jpg\" alt=\"\" width=\"222\" height=\"300\" srcset=\"https:\/\/victoria-ig.de\/wp-content\/uploads\/2017\/08\/kr35.pionier.werbung.farbe_.LOW_-222x300.jpg 222w, https:\/\/victoria-ig.de\/wp-content\/uploads\/2017\/08\/kr35.pionier.werbung.farbe_.LOW_.jpg 283w\" sizes=\"auto, (max-width: 222px) 100vw, 222px\" \/><\/a>Zur gleichen Zeit, als ich Anfang der Achtziger Jahre dabei war meine erste Bergmeister aufzubauen wurde mir durch Zufall im Nachbardorf eine Victoria angeboten mit der ich auf den ersten Blick absolut nichts anfangen konnte. Der Motor schaute aus wie von einer Horex, die ja nicht weit von meiner Heimat entfernt im 80 km entfernten Bad Homburg gebaut wurden. Zu dem Zeitpunkt hatte ich schon einiges an Victoria-Prospektmaterial auf Teilm\u00e4rkten gesammelt, es gab ja noch kein Internet und kein Buch \u00fcber die Marke. Wer etwas \u00fcber Victoria erfahren wollte musste sich selbst helfen. Das die gefundene Victoria eine Pionier war, und ein sehr interessantes Motorrad dazu, hat sich dann schnell aufgekl\u00e4rt. \u00dcber der Restaurierung dieser Pionier habe ich viel gelernt und lerne heute noch dazu.<\/p>\n<p>Heute kann ich die Menschen aufkl\u00e4ren die eine Pionier das erste Mal sehen und den Spruch loslassen: da ist ja ein Horex-Motor eingebaute. In diesem Fall muss ich leider den Klugsch\u2026. raush\u00e4ngen lassen: Die Geschichte verlief etwas anders, in der Horex ist ein Victoria-Motor. Aber zu der Pionier-Geschichte gibt es noch viel mehr zu erz\u00e4hlen.<a href=\"https:\/\/victoria-ig.de\/wp-content\/uploads\/2017\/08\/pionier.originalzustand_rechts.jpg\"><img loading=\"lazy\" decoding=\"async\" class=\"aligncenter size-medium wp-image-1002\" src=\"https:\/\/victoria-ig.de\/wp-content\/uploads\/2017\/08\/pionier.originalzustand_rechts-300x177.jpg\" alt=\"\" width=\"300\" height=\"177\" srcset=\"https:\/\/victoria-ig.de\/wp-content\/uploads\/2017\/08\/pionier.originalzustand_rechts-300x177.jpg 300w, https:\/\/victoria-ig.de\/wp-content\/uploads\/2017\/08\/pionier.originalzustand_rechts-768x452.jpg 768w, https:\/\/victoria-ig.de\/wp-content\/uploads\/2017\/08\/pionier.originalzustand_rechts-1024x603.jpg 1024w, https:\/\/victoria-ig.de\/wp-content\/uploads\/2017\/08\/pionier.originalzustand_rechts.jpg 1181w\" sizes=\"auto, (max-width: 300px) 100vw, 300px\" \/><\/a>Als ich von dem Victoria-Treffen in Idar.Oberstein erfahren hatte, bin ich nat\u00fcrlich sofort hingefahren. Dort habe ich nette Menschen kennengelernt die genauso Victoriaverr\u00fcckt sind wie ich und mit denen ich heute noch befreundet bin.<\/p>\n<p>Auf dem Treffen hat sich auch ergeben was heute noch immer Bestand hat. Das Info-Heft der Interessengemeinschaft, in der Form wie es heute erscheint, habe ich von Anfang an gemacht. Wer wie ich seine Br\u00f6tchen als Schriftsetzermeister (noch gelernt wie zu Gutenbergs Zeiten) verdiente und heute als Grafiker arbeitet, f\u00fcr den bringt es der berufliche Ethos mit sich das Info-Heft in Form zu bringen. In Form bringen deshalb, weil es jedesmal ein gro\u00dfes Puzzle ist, das auf vielen Seiten zusammengesetzt wird und man am Anfang nie wei\u00df was daraus wird.<\/p>\n<p>Das ich von Anfang an Typreferent f\u00fcr die V35 Bergmeister wurde ergab sich fast von selbst.<a href=\"https:\/\/victoria-ig.de\/wp-content\/uploads\/2017\/08\/pionier.prospekt.1.38.jpg\"><img loading=\"lazy\" decoding=\"async\" class=\"aligncenter size-medium wp-image-1028\" src=\"https:\/\/victoria-ig.de\/wp-content\/uploads\/2017\/08\/pionier.prospekt.1.38-300x109.jpg\" alt=\"\" width=\"300\" height=\"109\" srcset=\"https:\/\/victoria-ig.de\/wp-content\/uploads\/2017\/08\/pionier.prospekt.1.38-300x109.jpg 300w, https:\/\/victoria-ig.de\/wp-content\/uploads\/2017\/08\/pionier.prospekt.1.38-768x278.jpg 768w, https:\/\/victoria-ig.de\/wp-content\/uploads\/2017\/08\/pionier.prospekt.1.38-1024x370.jpg 1024w\" sizes=\"auto, (max-width: 300px) 100vw, 300px\" \/><\/a>Die KR 35 Pionier liegt mir genauso am Herzen wie die V35, weil es ein Motorrad mit einer ganz besonderen Entstehungsgeschichte ist und das Fahren damit gro\u00dfen Spa\u00df macht. Wenn man bei den 350ern noch ein Modell zur\u00fcck geht kommt man zur KR 35 S, ein ebenso interessantes wie seltenes Modell. F\u00fcr diese drei Victoria-Modelle bin ich von Beginn der IG an Typreferent und ich lerne immer noch dazu, weil man sich das Wissen zu diesen beiden Modellen praktisch selbst \u201eerschrauben\u201c muss.<a href=\"https:\/\/victoria-ig.de\/wp-content\/uploads\/2017\/08\/pionier.renate.jpg\"><img loading=\"lazy\" decoding=\"async\" class=\"aligncenter size-medium wp-image-1003\" src=\"https:\/\/victoria-ig.de\/wp-content\/uploads\/2017\/08\/pionier.renate-300x252.jpg\" alt=\"\" width=\"300\" height=\"252\" srcset=\"https:\/\/victoria-ig.de\/wp-content\/uploads\/2017\/08\/pionier.renate-300x252.jpg 300w, https:\/\/victoria-ig.de\/wp-content\/uploads\/2017\/08\/pionier.renate-768x645.jpg 768w, https:\/\/victoria-ig.de\/wp-content\/uploads\/2017\/08\/pionier.renate-1024x859.jpg 1024w\" sizes=\"auto, (max-width: 300px) 100vw, 300px\" \/><\/a>Das meine Frau Renate liebend gerne mit ihrem Pionier-Gespann unterwegs ist freut mich ganz besonders. Ohne ihre Unterst\u00fctzung h\u00e4tte sich das Hobby Victoria niemals so entwickeln k\u00f6nnen wie es bei uns gelebt wird. Das in unserem Freundeskreis in Miehlen mittlerweile viele Victorias quer durch alle Baujahre unterwegs sind hat sich \u00fcber viele Jahre ergeben \u2013 warum wohl?<\/p>\n<p>Unsere Jungs fangen langsam an, das Thema \u201ealte Moppeds\u201c f\u00fcr sich zu entdecken und es w\u00e4re sch\u00f6n, wenn die n\u00e4chste Generation auch mit Begeisterung Victoria schraubt und f\u00e4hrt \u2013 es muss ja weitergehen. Gloria Victoria!<\/p>\n","protected":false},"excerpt":{"rendered":"<p>Mein Name ist Manfred Erich Sprenger und meine Eltern (die schon mit einer Aero unterwegs waren) wollten, dass ich in einem total Victoria-verseuchten Dorf aufwachse. Im Taunus, etwa 12 km \u00f6stlich von der weltbekannten Loreley am Mittelrhein entfernt, findet man Miehlen. Dreimal schon war hier der Nabel der Victoria-Welt bei den Jahrestreffen 1995, 2005 und &hellip; <a href=\"https:\/\/victoria-ig.de\/?page_id=999\" class=\"more-link\"><span class=\"screen-reader-text\">Vorstellung: Manfred Sprenger &#8211; KR 35 SN\/SS\/WH Pionier \/ KR8\/9 Fahrmeister<\/span> weiterlesen<\/a><\/p>\n","protected":false},"author":1,"featured_media":0,"parent":0,"menu_order":0,"comment_status":"closed","ping_status":"closed","template":"","meta":{"footnotes":""},"class_list":["post-999","page","type-page","status-publish","hentry"],"_links":{"self":[{"href":"https:\/\/victoria-ig.de\/index.php?rest_route=\/wp\/v2\/pages\/999","targetHints":{"allow":["GET"]}}],"collection":[{"href":"https:\/\/victoria-ig.de\/index.php?rest_route=\/wp\/v2\/pages"}],"about":[{"href":"https:\/\/victoria-ig.de\/index.php?rest_route=\/wp\/v2\/types\/page"}],"author":[{"embeddable":true,"href":"https:\/\/victoria-ig.de\/index.php?rest_route=\/wp\/v2\/users\/1"}],"replies":[{"embeddable":true,"href":"https:\/\/victoria-ig.de\/index.php?rest_route=%2Fwp%2Fv2%2Fcomments&post=999"}],"version-history":[{"count":0,"href":"https:\/\/victoria-ig.de\/index.php?rest_route=\/wp\/v2\/pages\/999\/revisions"}],"wp:attachment":[{"href":"https:\/\/victoria-ig.de\/index.php?rest_route=%2Fwp%2Fv2%2Fmedia&parent=999"}],"curies":[{"name":"wp","href":"https:\/\/api.w.org\/{rel}","templated":true}]}}