{"id":5549,"date":"2019-04-01T21:22:15","date_gmt":"2019-04-01T21:22:15","guid":{"rendered":"http:\/\/victoria-ig.de\/?page_id=5549"},"modified":"2019-08-09T13:12:18","modified_gmt":"2019-08-09T13:12:18","slug":"treffen-2019-38-bis-99-schneverdingen-lueneburger-heide","status":"publish","type":"page","link":"https:\/\/victoria-ig.de\/?page_id=5549","title":{"rendered":"Treffen 2019 \u2013 38 bis 99 Schneverdingen &#8211; L\u00fcneburger Heide"},"content":{"rendered":"<h1><strong><em>F\u00fcr alle Victorianer mit der Liebe zu den\u00a0 kleinen Hubr\u00e4umen\u00a0<\/em><\/strong>von \u00a038\u00a0\u00a0 bis 99 ccm<\/h1>\n<p><strong><em>Zweiter Anlauf<\/em><\/strong><\/p>\n<p><strong><em>Nach dem Motto: Es w\u00e4re doch gelacht nicht eine ausreichend starke Truppe f\u00fcr eine Ausfahrt der \u201eKleinen\u201c zusammen zu bekommen hier die neue\u00a0<\/em><\/strong><strong><em>Einladung<\/em><\/strong><\/p>\n<h3>Sonntag\u00a0 22. Sept.\u00a0 2019 \u2013 Schneverdingen \u2013 OT Heber<\/h3>\n<p>Zusammen mit ihren Frauen laden Euch Peter und Holger Kohnen zum 5. Treffen \u201e38 bis 99\u201c ein.<\/p>\n<p>Wie auch schon im Jahr 2017 findet das Treffen auf dem Gel\u00e4nde des Restaurant-Hotels Hof Barrl statt.<a href=\"https:\/\/victoria-ig.de\/wp-content\/uploads\/2019\/04\/20180721_170656.jpg\"><img loading=\"lazy\" decoding=\"async\" class=\"aligncenter size-full wp-image-5551\" src=\"https:\/\/victoria-ig.de\/wp-content\/uploads\/2019\/04\/20180721_170656.jpg\" alt=\"\" width=\"640\" height=\"480\" srcset=\"https:\/\/victoria-ig.de\/wp-content\/uploads\/2019\/04\/20180721_170656.jpg 640w, https:\/\/victoria-ig.de\/wp-content\/uploads\/2019\/04\/20180721_170656-300x225.jpg 300w\" sizes=\"auto, (max-width: 640px) 100vw, 640px\" \/><\/a><\/p>\n<p>Anreise ist am Freitag den 14. 6. 2019 m\u00f6glich. Zimmer sind im Hof Barrl buchbar. Tel. 05198\/351. <a href=\"http:\/\/www.hofbarl.de\/\">www.hofbarl.de<\/a><\/p>\n<p>Stellpl\u00e4tze f\u00fcr Wohnmobile sind vorhanden. Strom ist verf\u00fcgbar und Toiletten k\u00f6nnen w\u00e4hrend der \u00d6ffnungszeiten benutzt werden.<\/p>\n<p>Anfahrt: Autobahn A7 Ausfahrt 43a, Schneverdingen. Weiter auf der Bundesstra\u00dfe 3 in Richtung Hamburg. Nach ca. 15 km liegt Hof Barrl direkt links an der B3. Anschrift: Barrl Nr. 1, 29640 Schneverdingen<\/p>\n<p><a href=\"https:\/\/victoria-ig.de\/wp-content\/uploads\/2019\/04\/20180721_105313.jpg\"><img loading=\"lazy\" decoding=\"async\" class=\"aligncenter size-large wp-image-5552\" src=\"https:\/\/victoria-ig.de\/wp-content\/uploads\/2019\/04\/20180721_105313.jpg\" alt=\"\" width=\"640\" height=\"480\" srcset=\"https:\/\/victoria-ig.de\/wp-content\/uploads\/2019\/04\/20180721_105313.jpg 640w, https:\/\/victoria-ig.de\/wp-content\/uploads\/2019\/04\/20180721_105313-300x225.jpg 300w\" sizes=\"auto, (max-width: 640px) 100vw, 640px\" \/><\/a>Programm:<\/p>\n<p>Freitag Nachmittag kleine Ausfahrt mit Einkehr.<\/p>\n<p>Samstag: 10.00 Uhr Start zu einer ca. 70 km langen Ausfahrt durch die L\u00fcneburger Heide. Auf halber Strecke ist die Besichtigung eines kleinen, privaten Treckermuseums vorgesehen. Anschlie\u00dfend g\u00f6nnen wir uns etwas vom Grill. Danach R\u00fcckfahrt zum Hof Barrl.<\/p>\n<p>\u00dcber eine rege Teilnahme w\u00fcrden sich die Organisatoren freuen.<\/p>\n<p>Um Anmeldung wird gebeten: Peter Kohnen, Tel. 05199\/334.<\/p>\n<p>E-Mail: <a href=\"mailto:peter.kohnen@online.de\">peter.kohnen@online.de<\/a><\/p>\n","protected":false},"excerpt":{"rendered":"<p>F\u00fcr alle Victorianer mit der Liebe zu den\u00a0 kleinen Hubr\u00e4umen\u00a0von \u00a038\u00a0\u00a0 bis 99 ccm Zweiter Anlauf Nach dem Motto: Es w\u00e4re doch gelacht nicht eine ausreichend starke Truppe f\u00fcr eine Ausfahrt der \u201eKleinen\u201c zusammen zu bekommen hier die neue\u00a0Einladung Sonntag\u00a0 22. Sept.\u00a0 2019 \u2013 Schneverdingen \u2013 OT Heber Zusammen mit ihren Frauen laden Euch Peter &hellip; <a href=\"https:\/\/victoria-ig.de\/?page_id=5549\" class=\"more-link\"><span class=\"screen-reader-text\">Treffen 2019 \u2013 38 bis 99 Schneverdingen &#8211; L\u00fcneburger Heide<\/span> weiterlesen<\/a><\/p>\n","protected":false},"author":1,"featured_media":0,"parent":0,"menu_order":0,"comment_status":"closed","ping_status":"closed","template":"","meta":{"footnotes":""},"class_list":["post-5549","page","type-page","status-publish","hentry"],"_links":{"self":[{"href":"https:\/\/victoria-ig.de\/index.php?rest_route=\/wp\/v2\/pages\/5549","targetHints":{"allow":["GET"]}}],"collection":[{"href":"https:\/\/victoria-ig.de\/index.php?rest_route=\/wp\/v2\/pages"}],"about":[{"href":"https:\/\/victoria-ig.de\/index.php?rest_route=\/wp\/v2\/types\/page"}],"author":[{"embeddable":true,"href":"https:\/\/victoria-ig.de\/index.php?rest_route=\/wp\/v2\/users\/1"}],"replies":[{"embeddable":true,"href":"https:\/\/victoria-ig.de\/index.php?rest_route=%2Fwp%2Fv2%2Fcomments&post=5549"}],"version-history":[{"count":0,"href":"https:\/\/victoria-ig.de\/index.php?rest_route=\/wp\/v2\/pages\/5549\/revisions"}],"wp:attachment":[{"href":"https:\/\/victoria-ig.de\/index.php?rest_route=%2Fwp%2Fv2%2Fmedia&parent=5549"}],"curies":[{"name":"wp","href":"https:\/\/api.w.org\/{rel}","templated":true}]}}