{"id":5212,"date":"2019-04-01T21:09:10","date_gmt":"2019-04-01T21:09:10","guid":{"rendered":"http:\/\/victoria-ig.de\/?page_id=5212"},"modified":"2019-04-01T21:44:22","modified_gmt":"2019-04-01T21:44:22","slug":"jahrestreffen-2019-einladung-matthias-juengling","status":"publish","type":"page","link":"https:\/\/victoria-ig.de\/?page_id=5212","title":{"rendered":"Jahrestreffen 2019 \u2013 Einladung Matthias J\u00fcngling"},"content":{"rendered":"<h3>31. Victoria-Treffen<\/h3>\n<p>Freitag, 2. Aug. und Samstag, 3. Aug. 2019<\/p>\n<p>Friedberg\/Bruchenbr\u00fccken<\/p>\n<p><strong>\u00a0<\/strong><strong>Wie hei\u00dft\u2019s so sch\u00f6n, nach dem Treffen ist vor dem Treffen oder sei schlau, komm in die Wetterau\u2026<\/strong> Der eine oder andere kennt mich bereits und wer mich noch nicht kennt f\u00fcr den wird es langsam Zeit &#8230; denn ich hei\u00dfe <strong>Matthias J\u00fcngling<\/strong> und bin der Ausrichter des Victoria-IG-Jahrestreffen 2019.<a href=\"https:\/\/victoria-ig.de\/wp-content\/uploads\/2019\/01\/pionier.j\u00fcngling.jpg\"><img loading=\"lazy\" decoding=\"async\" class=\"aligncenter size-large wp-image-5238\" src=\"https:\/\/victoria-ig.de\/wp-content\/uploads\/2019\/01\/pionier.j\u00fcngling-1024x768.jpg\" alt=\"\" width=\"660\" height=\"495\" srcset=\"https:\/\/victoria-ig.de\/wp-content\/uploads\/2019\/01\/pionier.j\u00fcngling-1024x768.jpg 1024w, https:\/\/victoria-ig.de\/wp-content\/uploads\/2019\/01\/pionier.j\u00fcngling-300x225.jpg 300w, https:\/\/victoria-ig.de\/wp-content\/uploads\/2019\/01\/pionier.j\u00fcngling-768x576.jpg 768w\" sizes=\"auto, (max-width: 660px) 100vw, 660px\" \/><\/a>Mein Team und ich laden Euch recht herzlich ein nach Friedberg in Hessen.<\/p>\n<p>Die zentrale Lage (20 km n\u00f6rdlich von Frankfurt\/Main) d\u00fcrfte eigentlich jeden Victorianer ansprechen.<\/p>\n<p>Bereits am Freitag den 2.August empfangen wir alle Victorianer auf dem Gel\u00e4nde des Fischereivereins und bieten f\u00fcr den Abend\/das Wiedersehen ein leckeres Essen sowie ausreichend Getr\u00e4nke. Somit steht einem gem\u00fctlichen Abend mit vielen Gespr\u00e4chen und guter Stimmung nichts im Wege.<a href=\"https:\/\/victoria-ig.de\/wp-content\/uploads\/2019\/01\/368a97de-ecc5-426f-a308-66bd3596661d.jpg\"><img loading=\"lazy\" decoding=\"async\" class=\"aligncenter size-large wp-image-5236\" src=\"https:\/\/victoria-ig.de\/wp-content\/uploads\/2019\/01\/368a97de-ecc5-426f-a308-66bd3596661d-1024x576.jpg\" alt=\"\" width=\"660\" height=\"371\" srcset=\"https:\/\/victoria-ig.de\/wp-content\/uploads\/2019\/01\/368a97de-ecc5-426f-a308-66bd3596661d-1024x576.jpg 1024w, https:\/\/victoria-ig.de\/wp-content\/uploads\/2019\/01\/368a97de-ecc5-426f-a308-66bd3596661d-300x169.jpg 300w, https:\/\/victoria-ig.de\/wp-content\/uploads\/2019\/01\/368a97de-ecc5-426f-a308-66bd3596661d-768x432.jpg 768w, https:\/\/victoria-ig.de\/wp-content\/uploads\/2019\/01\/368a97de-ecc5-426f-a308-66bd3596661d.jpg 1328w\" sizes=\"auto, (max-width: 660px) 100vw, 660px\" \/><\/a><\/p>\n<p>Am Samstag werden wir nach dem Fr\u00fchst\u00fcck zu einer kleinen Ausfahrt aufbrechen um in Neu-Anspach das Freilichtmuseum Hessenpark zu besuchen. Wir genie\u00dfen eine sch\u00f6ne Fahrt dort hin und weiter das Privileg direkt im Freilichtmuseum und mitten auf dem Marktplatz unsere Maschinen abstellen zu k\u00f6nnen. In herrlicher Kulisse und umringt von tollen Fachwerkh\u00e4usern haben wir dort etwa 2 h Aufenthalt. Wer m\u00f6chte kann gegen einen kleinen Gruppeneintritt das Museum besichtigen (daf\u00fcr ben\u00f6tigt man normaler Weise fast einen ganzen Tag) oder man genie\u00dft einfach die kulinarischen K\u00f6stlichkeiten auf dem Marktplatz in sch\u00f6ner alter Fachwerkidylle.<\/p>\n<p>Anschlie\u00dfend brechen wir wieder auf und fahren zur\u00fcck nach Bruchenbr\u00fccken.<a href=\"https:\/\/victoria-ig.de\/wp-content\/uploads\/2019\/01\/103eded2-ee15-4411-8ea3-7e018b8077d9.jpg\"><img loading=\"lazy\" decoding=\"async\" class=\"aligncenter size-large wp-image-5239\" src=\"https:\/\/victoria-ig.de\/wp-content\/uploads\/2019\/01\/103eded2-ee15-4411-8ea3-7e018b8077d9-1024x154.jpg\" alt=\"\" width=\"660\" height=\"99\" srcset=\"https:\/\/victoria-ig.de\/wp-content\/uploads\/2019\/01\/103eded2-ee15-4411-8ea3-7e018b8077d9-1024x154.jpg 1024w, https:\/\/victoria-ig.de\/wp-content\/uploads\/2019\/01\/103eded2-ee15-4411-8ea3-7e018b8077d9-300x45.jpg 300w, https:\/\/victoria-ig.de\/wp-content\/uploads\/2019\/01\/103eded2-ee15-4411-8ea3-7e018b8077d9-768x115.jpg 768w, https:\/\/victoria-ig.de\/wp-content\/uploads\/2019\/01\/103eded2-ee15-4411-8ea3-7e018b8077d9.jpg 1334w\" sizes=\"auto, (max-width: 660px) 100vw, 660px\" \/><\/a><\/p>\n<p>Dort findet dann der altbekannte Teilemarkt statt und er wird wieder einiges zum St\u00f6bern und Finden bereithalten. Kaffee und Kuchen wird die Besucher des Treffens verw\u00f6hnen.<a href=\"https:\/\/victoria-ig.de\/wp-content\/uploads\/2019\/01\/c9f87931-b23c-40ef-b282-5fdab1ffe8d4.jpg\"><img loading=\"lazy\" decoding=\"async\" class=\"aligncenter size-large wp-image-5237\" src=\"https:\/\/victoria-ig.de\/wp-content\/uploads\/2019\/01\/c9f87931-b23c-40ef-b282-5fdab1ffe8d4-1024x576.jpg\" alt=\"\" width=\"660\" height=\"371\" srcset=\"https:\/\/victoria-ig.de\/wp-content\/uploads\/2019\/01\/c9f87931-b23c-40ef-b282-5fdab1ffe8d4-1024x576.jpg 1024w, https:\/\/victoria-ig.de\/wp-content\/uploads\/2019\/01\/c9f87931-b23c-40ef-b282-5fdab1ffe8d4-300x169.jpg 300w, https:\/\/victoria-ig.de\/wp-content\/uploads\/2019\/01\/c9f87931-b23c-40ef-b282-5fdab1ffe8d4-768x432.jpg 768w, https:\/\/victoria-ig.de\/wp-content\/uploads\/2019\/01\/c9f87931-b23c-40ef-b282-5fdab1ffe8d4.jpg 1328w\" sizes=\"auto, (max-width: 660px) 100vw, 660px\" \/><\/a>Fischereiverein Bruchenbr\u00fccken 1932 e.V.<\/p>\n<p>Abends werden wir wieder bei leckerem Essen und Trinken den Abend genie\u00dfen und uns die Frage stellen:<\/p>\n<p>Wo treffen wir uns 2020?<\/p>\n<p>&nbsp;<\/p>\n<p>Kontaktdaten:<\/p>\n<p>Matthias J\u00fcngling<\/p>\n<p>Wingertstr. 12, 61169 Friedberg<\/p>\n<p>Mobil. 0178\/4818499<\/p>\n<p>juengling.matthias@gmx.de<\/p>\n<p>&nbsp;<\/p>\n<p><strong>Zur F\u00fctterung der Navis hier noch die Treffen-Adresse: <\/strong><\/p>\n<p><strong>Vilbelerstra\u00dfe, 61169 Friedberg<\/strong><\/p>\n<p>Ab den Autobahnausfahrten werde ich den Weg bereits ausschildern.<\/p>\n<p>Schreibt und einfach.<\/p>\n\n<div class=\"wpcf7 no-js\" id=\"wpcf7-f5563-o1\" lang=\"de-DE\" dir=\"ltr\" data-wpcf7-id=\"5563\">\n<div class=\"screen-reader-response\"><p role=\"status\" aria-live=\"polite\" aria-atomic=\"true\"><\/p> <ul><\/ul><\/div>\n<form action=\"\/index.php?rest_route=%2Fwp%2Fv2%2Fpages%2F5212#wpcf7-f5563-o1\" method=\"post\" class=\"wpcf7-form init\" aria-label=\"Kontaktformular\" novalidate=\"novalidate\" data-status=\"init\">\n<fieldset class=\"hidden-fields-container\"><input type=\"hidden\" name=\"_wpcf7\" value=\"5563\" \/><input type=\"hidden\" name=\"_wpcf7_version\" value=\"6.1.5\" \/><input type=\"hidden\" name=\"_wpcf7_locale\" value=\"de_DE\" \/><input type=\"hidden\" name=\"_wpcf7_unit_tag\" value=\"wpcf7-f5563-o1\" \/><input type=\"hidden\" name=\"_wpcf7_container_post\" value=\"0\" \/><input type=\"hidden\" name=\"_wpcf7_posted_data_hash\" value=\"\" \/><input type=\"hidden\" name=\"_wpcf7_recaptcha_response\" value=\"\" \/>\n<\/fieldset>\n<p><label> Dein Name (Pflichtfeld)<br \/>\n<span class=\"wpcf7-form-control-wrap\" data-name=\"your-name\"><input size=\"40\" maxlength=\"400\" class=\"wpcf7-form-control wpcf7-text wpcf7-validates-as-required\" aria-required=\"true\" aria-invalid=\"false\" value=\"\" type=\"text\" name=\"your-name\" \/><\/span> <\/label>\n<\/p>\n<p><label> Deine E-Mail-Adresse (Pflichtfeld)<br \/>\n<span class=\"wpcf7-form-control-wrap\" data-name=\"your-email\"><input size=\"40\" maxlength=\"400\" class=\"wpcf7-form-control wpcf7-email wpcf7-validates-as-required wpcf7-text wpcf7-validates-as-email\" aria-required=\"true\" aria-invalid=\"false\" value=\"\" type=\"email\" name=\"your-email\" \/><\/span> <\/label>\n<\/p>\n<p><label> Betreff Anmeldung Jahrestreffen 2019<br \/>\n<span class=\"wpcf7-form-control-wrap\" data-name=\"your-subject\"><input size=\"40\" maxlength=\"400\" class=\"wpcf7-form-control wpcf7-text\" aria-invalid=\"false\" value=\"\" type=\"text\" name=\"your-subject\" \/><\/span> <\/label>\n<\/p>\n<p><label> Deine Nachricht<br \/>\n<span class=\"wpcf7-form-control-wrap\" data-name=\"your-message\"><textarea cols=\"40\" rows=\"10\" maxlength=\"2000\" class=\"wpcf7-form-control wpcf7-textarea\" aria-invalid=\"false\" name=\"your-message\"><\/textarea><\/span> <\/label>\n<\/p>\n<p><span class=\"wpcf7-form-control-wrap wpgdprc\"><span class=\"wpcf7-form-control wpcf7-wpgdprc wpcf7-validates-as-required\"><span class=\"wpcf7-list-item\"><input type=\"checkbox\" name=\"wpgdprc\" value=\"1\" aria-required=\"true\" aria-invalid=\"false\" \/><span class=\"wpcf7-list-item-label\">Mit der Nutzung dieses Formulars erkl\u00e4rst du dich mit der Speicherung und Verarbeitung deiner Daten durch diese Website einverstanden.<\/span><\/span><\/span>    <\/span>\n<\/p>\n<p><input class=\"wpcf7-form-control wpcf7-submit has-spinner\" type=\"submit\" value=\"Senden\" \/>\n<\/p>\n<div class=\"wpcf7-response-output\" aria-hidden=\"true\"><\/div>\n<\/form>\n<\/div>\n\n","protected":false},"excerpt":{"rendered":"<p>31. Victoria-Treffen Freitag, 2. Aug. und Samstag, 3. Aug. 2019 Friedberg\/Bruchenbr\u00fccken \u00a0Wie hei\u00dft\u2019s so sch\u00f6n, nach dem Treffen ist vor dem Treffen oder sei schlau, komm in die Wetterau\u2026 Der eine oder andere kennt mich bereits und wer mich noch nicht kennt f\u00fcr den wird es langsam Zeit &#8230; denn ich hei\u00dfe Matthias J\u00fcngling und &hellip; <a href=\"https:\/\/victoria-ig.de\/?page_id=5212\" class=\"more-link\"><span class=\"screen-reader-text\">Jahrestreffen 2019 \u2013 Einladung Matthias J\u00fcngling<\/span> weiterlesen<\/a><\/p>\n","protected":false},"author":1,"featured_media":0,"parent":0,"menu_order":0,"comment_status":"closed","ping_status":"closed","template":"","meta":{"footnotes":""},"class_list":["post-5212","page","type-page","status-publish","hentry"],"_links":{"self":[{"href":"https:\/\/victoria-ig.de\/index.php?rest_route=\/wp\/v2\/pages\/5212","targetHints":{"allow":["GET"]}}],"collection":[{"href":"https:\/\/victoria-ig.de\/index.php?rest_route=\/wp\/v2\/pages"}],"about":[{"href":"https:\/\/victoria-ig.de\/index.php?rest_route=\/wp\/v2\/types\/page"}],"author":[{"embeddable":true,"href":"https:\/\/victoria-ig.de\/index.php?rest_route=\/wp\/v2\/users\/1"}],"replies":[{"embeddable":true,"href":"https:\/\/victoria-ig.de\/index.php?rest_route=%2Fwp%2Fv2%2Fcomments&post=5212"}],"version-history":[{"count":0,"href":"https:\/\/victoria-ig.de\/index.php?rest_route=\/wp\/v2\/pages\/5212\/revisions"}],"wp:attachment":[{"href":"https:\/\/victoria-ig.de\/index.php?rest_route=%2Fwp%2Fv2%2Fmedia&parent=5212"}],"curies":[{"name":"wp","href":"https:\/\/api.w.org\/{rel}","templated":true}]}}