{"id":4452,"date":"2018-08-09T06:32:58","date_gmt":"2018-08-09T06:32:58","guid":{"rendered":"http:\/\/victoria-ig.de\/?page_id=4452"},"modified":"2018-08-20T06:13:51","modified_gmt":"2018-08-20T06:13:51","slug":"oelpumpe-kr17-wartungshinweis","status":"publish","type":"page","link":"https:\/\/victoria-ig.de\/?page_id=4452","title":{"rendered":"Wartungshinweis &#8211; \u00d6lpumpe KR17"},"content":{"rendered":"<p>Trotz der verschlei\u00dfarmen Eigenschaften der Phenoplaste ist es normal das ab einer gewissen Laufleistung das Novotex \u00d6lpumenzahnrad und das Zwischenzahnrad extrem verschleisen.<\/p>\n<figure id=\"attachment_4449\" aria-describedby=\"caption-attachment-4449\" style=\"width: 300px\" class=\"wp-caption aligncenter\"><a href=\"https:\/\/victoria-ig.de\/wp-content\/uploads\/2018\/08\/Vic1957KR17PSteuerr\u00e4derDef1.jpg\" target=\"_blank\" rel=\"noopener\"><img loading=\"lazy\" decoding=\"async\" class=\"wp-image-4449 size-medium\" src=\"https:\/\/victoria-ig.de\/wp-content\/uploads\/2018\/08\/Vic1957KR17PSteuerr\u00e4derDef1-300x225.jpg\" alt=\"\" width=\"300\" height=\"225\" srcset=\"https:\/\/victoria-ig.de\/wp-content\/uploads\/2018\/08\/Vic1957KR17PSteuerr\u00e4derDef1-300x225.jpg 300w, https:\/\/victoria-ig.de\/wp-content\/uploads\/2018\/08\/Vic1957KR17PSteuerr\u00e4derDef1-768x576.jpg 768w, https:\/\/victoria-ig.de\/wp-content\/uploads\/2018\/08\/Vic1957KR17PSteuerr\u00e4derDef1-1024x768.jpg 1024w, https:\/\/victoria-ig.de\/wp-content\/uploads\/2018\/08\/Vic1957KR17PSteuerr\u00e4derDef1.jpg 1600w\" sizes=\"auto, (max-width: 300px) 100vw, 300px\" \/><\/a><figcaption id=\"caption-attachment-4449\" class=\"wp-caption-text\">\u00d6lpumpenzahnrad aus Novotex aufgebraucht<\/figcaption><\/figure>\n<p>Ich empfehle auf jeden Fall beide Zahnr\u00e4der alle 15.000 KM zu wechseln.<\/p>\n<figure id=\"attachment_4448\" aria-describedby=\"caption-attachment-4448\" style=\"width: 300px\" class=\"wp-caption aligncenter\"><a href=\"https:\/\/victoria-ig.de\/wp-content\/uploads\/2018\/08\/Vic1957KR17PSteuerr\u00e4der.jpg\" target=\"_blank\" rel=\"noopener\"><img loading=\"lazy\" decoding=\"async\" class=\"wp-image-4448 size-medium\" src=\"https:\/\/victoria-ig.de\/wp-content\/uploads\/2018\/08\/Vic1957KR17PSteuerr\u00e4der-300x225.jpg\" alt=\"\" width=\"300\" height=\"225\" srcset=\"https:\/\/victoria-ig.de\/wp-content\/uploads\/2018\/08\/Vic1957KR17PSteuerr\u00e4der-300x225.jpg 300w, https:\/\/victoria-ig.de\/wp-content\/uploads\/2018\/08\/Vic1957KR17PSteuerr\u00e4der-768x576.jpg 768w, https:\/\/victoria-ig.de\/wp-content\/uploads\/2018\/08\/Vic1957KR17PSteuerr\u00e4der-1024x768.jpg 1024w\" sizes=\"auto, (max-width: 300px) 100vw, 300px\" \/><\/a><figcaption id=\"caption-attachment-4448\" class=\"wp-caption-text\">Umbau auf Stahlzahnr\u00e4der<\/figcaption><\/figure>\n<p>Besser w\u00e4re allerding gleich ein Umbau auf Stahlr\u00e4der um langfristig keine Problemen damit zu haben.<\/p>\n<p>Gr\u00fc\u00dfe Euer<\/p>\n<p>Anton<\/p>\n","protected":false},"excerpt":{"rendered":"<p>Trotz der verschlei\u00dfarmen Eigenschaften der Phenoplaste ist es normal das ab einer gewissen Laufleistung das Novotex \u00d6lpumenzahnrad und das Zwischenzahnrad extrem verschleisen. Ich empfehle auf jeden Fall beide Zahnr\u00e4der alle 15.000 KM zu wechseln. Besser w\u00e4re allerding gleich ein Umbau auf Stahlr\u00e4der um langfristig keine Problemen damit zu haben. Gr\u00fc\u00dfe Euer Anton<\/p>\n","protected":false},"author":1,"featured_media":0,"parent":0,"menu_order":0,"comment_status":"closed","ping_status":"closed","template":"","meta":{"footnotes":""},"class_list":["post-4452","page","type-page","status-publish","hentry"],"_links":{"self":[{"href":"https:\/\/victoria-ig.de\/index.php?rest_route=\/wp\/v2\/pages\/4452","targetHints":{"allow":["GET"]}}],"collection":[{"href":"https:\/\/victoria-ig.de\/index.php?rest_route=\/wp\/v2\/pages"}],"about":[{"href":"https:\/\/victoria-ig.de\/index.php?rest_route=\/wp\/v2\/types\/page"}],"author":[{"embeddable":true,"href":"https:\/\/victoria-ig.de\/index.php?rest_route=\/wp\/v2\/users\/1"}],"replies":[{"embeddable":true,"href":"https:\/\/victoria-ig.de\/index.php?rest_route=%2Fwp%2Fv2%2Fcomments&post=4452"}],"version-history":[{"count":0,"href":"https:\/\/victoria-ig.de\/index.php?rest_route=\/wp\/v2\/pages\/4452\/revisions"}],"wp:attachment":[{"href":"https:\/\/victoria-ig.de\/index.php?rest_route=%2Fwp%2Fv2%2Fmedia&parent=4452"}],"curies":[{"name":"wp","href":"https:\/\/api.w.org\/{rel}","templated":true}]}}