{"id":289,"date":"2017-08-05T11:52:26","date_gmt":"2017-08-05T11:52:26","guid":{"rendered":"http:\/\/ig-victoria.de\/?page_id=289"},"modified":"2021-08-27T04:08:25","modified_gmt":"2021-08-27T04:08:25","slug":"links-zubehoer","status":"publish","type":"page","link":"https:\/\/victoria-ig.de\/?page_id=289","title":{"rendered":"Links Zubeh\u00f6r"},"content":{"rendered":"<p><a href=\"https:\/\/www.tola-tools.de\/de\/\" target=\"_blank\" rel=\"noopener\">tola-tools.de<\/a><br \/>\nOldtimerbedarf, unter anderen Vap-Z\u00fcndanlagen<\/p>\n<p><a href=\"http:\/\/www.barthau.de\/\">Anh\u00e4nger &#8211; Barthau Anh\u00e4ngerbau <\/a><\/p>\n<p><a href=\"http:\/\/www.ekrause.de\/go.to\/modix\/now\/hauptseite.htm\">Tanks\u00e4ulen, Mixers\u00e4ulen, Oelkabinette &#8211; Ford Krause<\/a><\/p>\n<p><a href=\"http:\/\/www.uhr-art.de\/\">Feinmechanik &#8211; Uhr Art<\/a><\/p>\n<p>&nbsp;<\/p>\n","protected":false},"excerpt":{"rendered":"<p>tola-tools.de Oldtimerbedarf, unter anderen Vap-Z\u00fcndanlagen Anh\u00e4nger &#8211; Barthau Anh\u00e4ngerbau Tanks\u00e4ulen, Mixers\u00e4ulen, Oelkabinette &#8211; Ford Krause Feinmechanik &#8211; Uhr Art &nbsp;<\/p>\n","protected":false},"author":1,"featured_media":0,"parent":0,"menu_order":0,"comment_status":"closed","ping_status":"closed","template":"","meta":{"footnotes":""},"class_list":["post-289","page","type-page","status-publish","hentry"],"_links":{"self":[{"href":"https:\/\/victoria-ig.de\/index.php?rest_route=\/wp\/v2\/pages\/289","targetHints":{"allow":["GET"]}}],"collection":[{"href":"https:\/\/victoria-ig.de\/index.php?rest_route=\/wp\/v2\/pages"}],"about":[{"href":"https:\/\/victoria-ig.de\/index.php?rest_route=\/wp\/v2\/types\/page"}],"author":[{"embeddable":true,"href":"https:\/\/victoria-ig.de\/index.php?rest_route=\/wp\/v2\/users\/1"}],"replies":[{"embeddable":true,"href":"https:\/\/victoria-ig.de\/index.php?rest_route=%2Fwp%2Fv2%2Fcomments&post=289"}],"version-history":[{"count":0,"href":"https:\/\/victoria-ig.de\/index.php?rest_route=\/wp\/v2\/pages\/289\/revisions"}],"wp:attachment":[{"href":"https:\/\/victoria-ig.de\/index.php?rest_route=%2Fwp%2Fv2%2Fmedia&parent=289"}],"curies":[{"name":"wp","href":"https:\/\/api.w.org\/{rel}","templated":true}]}}