{"id":279,"date":"2017-08-05T14:34:05","date_gmt":"2017-08-05T14:34:05","guid":{"rendered":"http:\/\/ig-victoria.de\/?page_id=279"},"modified":"2017-08-05T14:34:05","modified_gmt":"2017-08-05T14:34:05","slug":"links-werkstatt","status":"publish","type":"page","link":"https:\/\/victoria-ig.de\/?page_id=279","title":{"rendered":"Links Werkstatt"},"content":{"rendered":"<p><a class=\"category\" href=\"http:\/\/www.loctite.de\/homepage.htm\" target=\"_blank\" rel=\"noopener\">Loctite<\/a><span class=\"description\">&#8211; Wenn mal was geklebt werden muss, mit Datenbl\u00e4ttern<\/span><\/p>\n<p><a class=\"category\" href=\"http:\/\/www.cm-instruments.de\/\" target=\"_blank\" rel=\"noopener\">CM Instruments<\/a><span class=\"description\">&#8211; CM Instruments (Tachoinstandsetzung)<\/span><\/p>\n<p><a class=\"category\" href=\"http:\/\/www.bremsen-schoebel.de\/\" target=\"_blank\" rel=\"noopener\">Bremsen Sch\u00f6bel<\/a><\/p>\n<p><a class=\"category\" href=\"http:\/\/www.victoria-bike-ig.com\/index.php\/de\/links\/12-werkstatt\/81-buss-werkzeugbau.html\" target=\"_blank\" rel=\"noopener\">Buss Werkzeugbau<\/a><\/p>\n<p><a class=\"category\" href=\"http:\/\/www.castrol.com\/de_de\/germany.html\" target=\"_blank\" rel=\"noopener\">Castrol \u00d6le<\/a><span class=\"description\">&#8211; \u00d6le<\/span><\/p>\n<p><a class=\"category\" href=\"http:\/\/www.chrom-wahl.de\/\" target=\"_blank\" rel=\"noopener\">Chrom Wahl Stuttgart<\/a><span class=\"description\">&#8211; Galvanik<\/span><\/p>\n<p><a class=\"category\" href=\"http:\/\/www.dinosaurier-werkzeuge.de\/\" target=\"_blank\" rel=\"noopener\">Dinosaurier Werkzeuge<\/a><\/p>\n<p><a class=\"category\" href=\"http:\/\/www.galvanik-kreile.de\/\" target=\"_blank\" rel=\"noopener\">Galvanik Kreile<\/a><\/p>\n<p><a class=\"category\" href=\"http:\/\/www.victoria-bike-ig.com\/index.php\/de\/links\/12-werkstatt\/86-goelz-heppenheim.html\" target=\"_blank\" rel=\"noopener\">G\u00f6lz Heppenheim<\/a><span class=\"description\">&#8211; Motoreninstandsetzung<\/span><\/p>\n<p><a class=\"category\" href=\"http:\/\/www.keyprof.com\/de.index.php\" target=\"_blank\" rel=\"noopener\">Der Schl\u00fcsselprofessor<\/a><span class=\"description\">&#8211; Sch\u00fcssel und Schl\u00f6sser<\/span><\/p>\n<p><a class=\"category\" href=\"http:\/\/www.oeltech-apeler.de\/\" target=\"_blank\" rel=\"noopener\">Erwinol Klassik-\u00d6le<\/a><span class=\"description\">&#8211; Klassik-\u00d6le<\/span><\/p>\n<p><a class=\"category\" href=\"http:\/\/www.korrosionsschutz-depot.de\/\" target=\"_blank\" rel=\"noopener\">Korrosionsschutzdepot<\/a><\/p>\n<p><a class=\"category\" href=\"http:\/\/www.kurbelwellenkamradt.de\/\" target=\"_blank\" rel=\"noopener\">Kurbelwellen Kamradt<\/a><\/p>\n<p><a class=\"category\" href=\"https:\/\/www.limora.com\/\" target=\"_blank\" rel=\"noopener\">Limora<\/a><span class=\"description\">&#8211; \u00d6le und viele Teile f\u00fcr englische Fahrzeuge<\/span><\/p>\n<p><a class=\"category\" href=\"http:\/\/www.linien-von-meisterhand.de\/main.htm\" target=\"_blank\" rel=\"noopener\">Linien von Meisterhand<\/a><\/p>\n<p><a class=\"category\" href=\"http:\/\/der-schraubenmann.de\/\" target=\"_blank\" rel=\"noopener\">Moeser Schrauben<\/a><\/p>\n<p><a class=\"category\" href=\"http:\/\/www.motorradelektrik.com\/\" target=\"_blank\" rel=\"noopener\">Motorradelektrik<\/a><\/p>\n<p><a class=\"category\" href=\"http:\/\/www.oldie-restaurierung.de\/\" target=\"_blank\" rel=\"noopener\">Oldie-Restaurierung<\/a><\/p>\n<p><a class=\"category\" href=\"https:\/\/www.autopyjama.de\/\" target=\"_blank\" rel=\"noopener\">Permabag<\/a><\/p>\n<p><a class=\"category\" href=\"https:\/\/www.profi-products.de\/\" target=\"_blank\" rel=\"noopener\">Profi Products<\/a><\/p>\n<p><a class=\"category\" href=\"https:\/\/www.radler-ruf.de\/\" target=\"_blank\" rel=\"noopener\">Radler &amp; Ruf<\/a><span class=\"description\">&#8211; Strahlbedarf<\/span><\/p>\n<p><a class=\"category\" href=\"http:\/\/www.rc-machines.com\/\" target=\"_blank\" rel=\"noopener\">rc-Machines<\/a><\/p>\n<p><a class=\"category\" href=\"http:\/\/www.hokon-verschlusstechnik.de\/\" target=\"_blank\" rel=\"noopener\">Recoil Hema<\/a><\/p>\n<p><a class=\"category\" href=\"http:\/\/www.staufenbiel-berlin.de\/\" target=\"_blank\" rel=\"noopener\">Staufenbiel Berlin<\/a><\/p>\n<p><a class=\"category\" href=\"http:\/\/www.stevens-wesel.de\/\" target=\"_blank\" rel=\"noopener\">Stevens Wesel<\/a><span class=\"description\">&#8211; \u00d6le<\/span><\/p>\n<p><a class=\"category\" href=\"http:\/\/www.swc-maier.de\/\" target=\"_blank\" rel=\"noopener\">SWC Maye<\/a>\u00a0&#8211;\u00a0<span class=\"description\">Speichenr\u00e4der<\/span><\/p>\n<p><a class=\"category\" href=\"http:\/\/www.syre-entlackung.de\/\" target=\"_blank\" rel=\"noopener\">Syre Entlackung<\/a><\/p>\n<p><a class=\"category\" href=\"http:\/\/tank-spezialist.de\/\" target=\"_blank\" rel=\"noopener\">Tank-Spezialist<\/a><\/p>\n<p><a class=\"category\" href=\"https:\/\/www.tbs-aachen.de\/\" target=\"_blank\" rel=\"noopener\">TBS Aachen<\/a>&#8211; Werkzeuge und mehr<\/p>\n<p><a class=\"category\" href=\"https:\/\/www.vergaserwelt.de\/\" target=\"_blank\" rel=\"noopener\">Jens Peter Adam Vergaserservice<\/a><\/p>\n<p><a class=\"category\" href=\"http:\/\/www.wagenpflege.com\/\" target=\"_blank\" rel=\"noopener\">Udos Wagenpflege<\/a><\/p>\n<p><a class=\"category\" href=\"https:\/\/www.wegertseder.com\/\" target=\"_blank\" rel=\"noopener\">Schrauben Wegertseder<\/a><br \/>\n<span class=\"description\">Edelstahlschrauben<\/span><\/p>\n<p><a class=\"category\" href=\"http:\/\/www.poliershop.com\/\" target=\"_blank\" rel=\"noopener\">Wonisch Strahl- und Polierbedarf<\/a><span class=\"description\">&#8211; Strahl- und Polierbedarf<\/span><\/p>\n<p><a class=\"category\" href=\"http:\/\/www.oldieoel.de\/\" target=\"_blank\" rel=\"noopener\">Wagner Spezalschmierstoffe<\/a><span class=\"description\">&#8211; Spezialschmierstoffe<\/span><\/p>\n<p><a class=\"category\" href=\"http:\/\/w-schmidt.de\/\" target=\"_blank\" rel=\"noopener\">Motorenzentrum Schmitz<\/a><\/p>\n<p><a class=\"category\" href=\"http:\/\/www.powerdynamo.biz\/deu\/sitemap.htm\" target=\"_blank\" rel=\"noopener\">Powerdynamo<\/a><span class=\"description\">&#8211; Elektrik (vormals mz-b Berlin)<\/span><\/p>\n<p><a class=\"category\" href=\"http:\/\/www.monotek.de\/\" target=\"_blank\" rel=\"noopener\">Monotek Maschinenhandel<\/a><span class=\"description\">&#8211; Maschinen<\/span><\/p>\n<p><a class=\"category\" href=\"http:\/\/www.wiwox.de\/\" target=\"_blank\" rel=\"noopener\">Wiwox Strahltechnik<\/a><span class=\"description\">&#8211; Strahlkabinen<\/span><\/p>\n<p><a class=\"category\" href=\"http:\/\/www.ioz.de\/\" target=\"_blank\" rel=\"noopener\">IOZ Z\u00fcndungen und Vergaser<\/a><span class=\"description\">&#8211; Z\u00fcndungen und Vergaser<\/span><\/p>\n<p><a class=\"category\" href=\"http:\/\/www.steger-gmbh.de\/\" target=\"_blank\" rel=\"noopener\">Steger Motoren<\/a><span class=\"description\">&#8211; Motorinstandsetzung<\/span><\/p>\n<p><a class=\"category\" href=\"https:\/\/fertan.de\/\" target=\"_blank\" rel=\"noopener\">Fertan<\/a><span class=\"description\">&#8211; Tod dem Rost!<\/span><\/p>\n<p><a class=\"category\" href=\"http:\/\/www.quicksilverexhausts.com\/\" target=\"_blank\" rel=\"noopener\">Quicksilver Exhausts<\/a><span class=\"description\">&#8211; Hier ist der Name Programm!<\/span><\/p>\n<p><a class=\"category\" href=\"http:\/\/www.laubtec.de\/\" target=\"_blank\" rel=\"noopener\">Laubersheimer<\/a><span class=\"description\">&#8211; Laubersheimer<\/span><\/p>\n<p>&nbsp;<\/p>\n","protected":false},"excerpt":{"rendered":"<p>Loctite&#8211; Wenn mal was geklebt werden muss, mit Datenbl\u00e4ttern CM Instruments&#8211; CM Instruments (Tachoinstandsetzung) Bremsen Sch\u00f6bel Buss Werkzeugbau Castrol \u00d6le&#8211; \u00d6le Chrom Wahl Stuttgart&#8211; Galvanik Dinosaurier Werkzeuge Galvanik Kreile G\u00f6lz Heppenheim&#8211; Motoreninstandsetzung Der Schl\u00fcsselprofessor&#8211; Sch\u00fcssel und Schl\u00f6sser Erwinol Klassik-\u00d6le&#8211; Klassik-\u00d6le Korrosionsschutzdepot Kurbelwellen Kamradt Limora&#8211; \u00d6le und viele Teile f\u00fcr englische Fahrzeuge Linien von Meisterhand Moeser &hellip; <a href=\"https:\/\/victoria-ig.de\/?page_id=279\" class=\"more-link\"><span class=\"screen-reader-text\">Links Werkstatt<\/span> weiterlesen<\/a><\/p>\n","protected":false},"author":1,"featured_media":0,"parent":0,"menu_order":0,"comment_status":"closed","ping_status":"closed","template":"","meta":{"footnotes":""},"class_list":["post-279","page","type-page","status-publish","hentry"],"_links":{"self":[{"href":"https:\/\/victoria-ig.de\/index.php?rest_route=\/wp\/v2\/pages\/279","targetHints":{"allow":["GET"]}}],"collection":[{"href":"https:\/\/victoria-ig.de\/index.php?rest_route=\/wp\/v2\/pages"}],"about":[{"href":"https:\/\/victoria-ig.de\/index.php?rest_route=\/wp\/v2\/types\/page"}],"author":[{"embeddable":true,"href":"https:\/\/victoria-ig.de\/index.php?rest_route=\/wp\/v2\/users\/1"}],"replies":[{"embeddable":true,"href":"https:\/\/victoria-ig.de\/index.php?rest_route=%2Fwp%2Fv2%2Fcomments&post=279"}],"version-history":[{"count":0,"href":"https:\/\/victoria-ig.de\/index.php?rest_route=\/wp\/v2\/pages\/279\/revisions"}],"wp:attachment":[{"href":"https:\/\/victoria-ig.de\/index.php?rest_route=%2Fwp%2Fv2%2Fmedia&parent=279"}],"curies":[{"name":"wp","href":"https:\/\/api.w.org\/{rel}","templated":true}]}}