{"id":269,"date":"2017-08-05T12:55:57","date_gmt":"2017-08-05T12:55:57","guid":{"rendered":"http:\/\/ig-victoria.de\/?page_id=269"},"modified":"2021-08-27T04:09:31","modified_gmt":"2021-08-27T04:09:31","slug":"links-victoria","status":"publish","type":"page","link":"https:\/\/victoria-ig.de\/?page_id=269","title":{"rendered":"Links Victoria"},"content":{"rendered":"<p><a class=\"category\" href=\"http:\/\/www.v35-bergmeister.com\/page_one.html\" target=\"_blank\" rel=\"noopener\">V35 Bergmeister<\/a>\u00a0&#8211;\u00a0<span class=\"description\">Bergmeister, volle Packung auf der offiziellen V35-Bergmeister-Seite der Victoria-IG<\/span><\/p>\n<p><a class=\"category\" href=\"http:\/\/www.peterzimmermann.de\/\" target=\"_blank\" rel=\"noopener\">KR35 SturmeyArcher<\/a><span class=\"description\">&#8211; KR35 Sturmey Archer<\/span><\/p>\n<p><a class=\"category\" href=\"https:\/\/www.kr26.de\/\" target=\"_blank\" rel=\"noopener\">KR 26<\/a><span class=\"description\">&#8211; Wieder entz\u00fcndete Leidenschaft f\u00fcr Victoria von unserem IG-Gr\u00fcnder Thomas Hey&#8217;l<\/span><\/p>\n<p><a class=\"category\" href=\"http:\/\/www.kr25aero.de\/\" target=\"_blank\" rel=\"noopener\">KR25 Aero<\/a><span class=\"description\">&#8211; Klaus B\u00e4chers Aero-Seite<\/span><\/p>\n<p><a class=\"category\" href=\"http:\/\/www.meisterdinger.de\/\" target=\"_blank\" rel=\"noopener\">Meisterdinger<\/a><span class=\"description\">&#8211; Joachim Friz&#8217; traumhafte Seite \u00fcber N\u00fcrnberger Motorr\u00e4der<\/span><\/p>\n<p><a class=\"category\" href=\"http:\/\/www.victoria-vickywinni.de\/\" target=\"_blank\" rel=\"noopener\">Vicky<\/a><span class=\"description\">&#8211; Jede Menge Vickys<\/span><\/p>\n<p><a class=\"category\" href=\"http:\/\/www.victoria-oldtimer.de\/\" target=\"_blank\" rel=\"noopener\">Victoria Oldtimer<\/a><span class=\"description\">&#8211; IG-Kollege Thomas Kurz verdient seine Br\u00f6tchen damit, Teile f\u00fcr alte Zweir\u00e4der zu verkaufen. Dass er seinen Schwerpunkt auf unsere Lieblingsmarke gelegt hat, finden wir nat\u00fcrlich gut!<\/span><\/p>\n<p><a class=\"category\" href=\"http:\/\/victoria-mc.dk\/\" target=\"_blank\" rel=\"noopener\">victoria-mc.dk<\/a><span class=\"description\">&#8211; &#8230;unsere d\u00e4nische Fraktion!<\/span><\/p>\n<p><a class=\"category\" href=\"http:\/\/www.zweirad-union-mopeds.de\/\" target=\"_blank\" rel=\"noopener\">zweirad-union-mopeds.de\u00a0<\/a><span class=\"description\">&#8211; Ersatzteile f\u00fcr Zweirad-Union Mopeds im Webshop von Andre Ro\u00dfkopf<\/span><\/p>\n","protected":false},"excerpt":{"rendered":"<p>V35 Bergmeister\u00a0&#8211;\u00a0Bergmeister, volle Packung auf der offiziellen V35-Bergmeister-Seite der Victoria-IG KR35 SturmeyArcher&#8211; KR35 Sturmey Archer KR 26&#8211; Wieder entz\u00fcndete Leidenschaft f\u00fcr Victoria von unserem IG-Gr\u00fcnder Thomas Hey&#8217;l KR25 Aero&#8211; Klaus B\u00e4chers Aero-Seite Meisterdinger&#8211; Joachim Friz&#8217; traumhafte Seite \u00fcber N\u00fcrnberger Motorr\u00e4der Vicky&#8211; Jede Menge Vickys Victoria Oldtimer&#8211; IG-Kollege Thomas Kurz verdient seine Br\u00f6tchen damit, Teile f\u00fcr &hellip; <a href=\"https:\/\/victoria-ig.de\/?page_id=269\" class=\"more-link\"><span class=\"screen-reader-text\">Links Victoria<\/span> weiterlesen<\/a><\/p>\n","protected":false},"author":1,"featured_media":0,"parent":0,"menu_order":0,"comment_status":"closed","ping_status":"closed","template":"","meta":{"footnotes":""},"class_list":["post-269","page","type-page","status-publish","hentry"],"_links":{"self":[{"href":"https:\/\/victoria-ig.de\/index.php?rest_route=\/wp\/v2\/pages\/269","targetHints":{"allow":["GET"]}}],"collection":[{"href":"https:\/\/victoria-ig.de\/index.php?rest_route=\/wp\/v2\/pages"}],"about":[{"href":"https:\/\/victoria-ig.de\/index.php?rest_route=\/wp\/v2\/types\/page"}],"author":[{"embeddable":true,"href":"https:\/\/victoria-ig.de\/index.php?rest_route=\/wp\/v2\/users\/1"}],"replies":[{"embeddable":true,"href":"https:\/\/victoria-ig.de\/index.php?rest_route=%2Fwp%2Fv2%2Fcomments&post=269"}],"version-history":[{"count":0,"href":"https:\/\/victoria-ig.de\/index.php?rest_route=\/wp\/v2\/pages\/269\/revisions"}],"wp:attachment":[{"href":"https:\/\/victoria-ig.de\/index.php?rest_route=%2Fwp%2Fv2%2Fmedia&parent=269"}],"curies":[{"name":"wp","href":"https:\/\/api.w.org\/{rel}","templated":true}]}}