{"id":2311,"date":"2017-12-19T15:22:33","date_gmt":"2017-12-19T15:22:33","guid":{"rendered":"http:\/\/victoria-ig.de\/?page_id=2311"},"modified":"2017-12-20T07:08:36","modified_gmt":"2017-12-20T07:08:36","slug":"nachfertigung-schalldaempfer-v35-bergmeister","status":"publish","type":"page","link":"https:\/\/victoria-ig.de\/?page_id=2311","title":{"rendered":"Nachfertigung: Schalld\u00e4mpfer &#8211; V35 Bergmeister"},"content":{"rendered":"<h4>Nachfertigung des Schalld\u00e4mpfers\/Auspuffanlage f\u00fcr die Victoria V35 Bergmeister ab Baujahr 1953<\/h4>\n<p><a href=\"https:\/\/victoria-ig.de\/wp-content\/uploads\/2017\/12\/V35.schalldaempferanlageFOTO_2.2017.jpg\"><img loading=\"lazy\" decoding=\"async\" class=\"aligncenter size-medium wp-image-2267\" src=\"https:\/\/victoria-ig.de\/wp-content\/uploads\/2017\/12\/V35.schalldaempferanlageFOTO_2.2017-300x158.jpg\" alt=\"\" width=\"300\" height=\"158\" srcset=\"https:\/\/victoria-ig.de\/wp-content\/uploads\/2017\/12\/V35.schalldaempferanlageFOTO_2.2017-300x158.jpg 300w, https:\/\/victoria-ig.de\/wp-content\/uploads\/2017\/12\/V35.schalldaempferanlageFOTO_2.2017-768x405.jpg 768w, https:\/\/victoria-ig.de\/wp-content\/uploads\/2017\/12\/V35.schalldaempferanlageFOTO_2.2017-1024x541.jpg 1024w\" sizes=\"auto, (max-width: 300px) 100vw, 300px\" \/><\/a>Kr\u00fcmmer<\/p>\n<p>Kr\u00fcmmer\u00fcberwurfmutter<\/p>\n<p>Schalld\u00e4mpferschellen gro\u00df und klein<\/p>\n<p>Kr\u00fcmmerdichtung<\/p>\n<p>Verbindungsrohr (wichtig: bringt ca. 1 PS)<\/p>\n<p>Das Innenleben des, wie beim Original, zerlegbaren Schalld\u00e4mpfers entspricht ebenfalls der originalen Schalld\u00e4mpferanlage<\/p>\n","protected":false},"excerpt":{"rendered":"<p>Nachfertigung des Schalld\u00e4mpfers\/Auspuffanlage f\u00fcr die Victoria V35 Bergmeister ab Baujahr 1953 Kr\u00fcmmer Kr\u00fcmmer\u00fcberwurfmutter Schalld\u00e4mpferschellen gro\u00df und klein Kr\u00fcmmerdichtung Verbindungsrohr (wichtig: bringt ca. 1 PS) Das Innenleben des, wie beim Original, zerlegbaren Schalld\u00e4mpfers entspricht ebenfalls der originalen Schalld\u00e4mpferanlage<\/p>\n","protected":false},"author":2,"featured_media":0,"parent":0,"menu_order":0,"comment_status":"closed","ping_status":"closed","template":"","meta":{"footnotes":""},"class_list":["post-2311","page","type-page","status-publish","hentry"],"_links":{"self":[{"href":"https:\/\/victoria-ig.de\/index.php?rest_route=\/wp\/v2\/pages\/2311","targetHints":{"allow":["GET"]}}],"collection":[{"href":"https:\/\/victoria-ig.de\/index.php?rest_route=\/wp\/v2\/pages"}],"about":[{"href":"https:\/\/victoria-ig.de\/index.php?rest_route=\/wp\/v2\/types\/page"}],"author":[{"embeddable":true,"href":"https:\/\/victoria-ig.de\/index.php?rest_route=\/wp\/v2\/users\/2"}],"replies":[{"embeddable":true,"href":"https:\/\/victoria-ig.de\/index.php?rest_route=%2Fwp%2Fv2%2Fcomments&post=2311"}],"version-history":[{"count":0,"href":"https:\/\/victoria-ig.de\/index.php?rest_route=\/wp\/v2\/pages\/2311\/revisions"}],"wp:attachment":[{"href":"https:\/\/victoria-ig.de\/index.php?rest_route=%2Fwp%2Fv2%2Fmedia&parent=2311"}],"curies":[{"name":"wp","href":"https:\/\/api.w.org\/{rel}","templated":true}]}}