{"id":2302,"date":"2017-12-19T15:02:11","date_gmt":"2017-12-19T15:02:11","guid":{"rendered":"http:\/\/victoria-ig.de\/?page_id=2302"},"modified":"2018-01-12T06:02:07","modified_gmt":"2018-01-12T06:02:07","slug":"nachfertigung-getriebeteile-kolben-und-ventile-sonderschrauben-v35-bergmeister","status":"publish","type":"page","link":"https:\/\/victoria-ig.de\/?page_id=2302","title":{"rendered":"Nachfertigung: Getriebeteile &#8211; Kolben und Ventile &#8211; Sonderschrauben &#8211; V35 Bergmeister"},"content":{"rendered":"<h4>Nachfertigungen von Getriebeteilen f\u00fcr die Victoria V35 Bergmeister ab Baujahr 1953<\/h4>\n<p><a href=\"https:\/\/victoria-ig.de\/wp-content\/uploads\/2017\/12\/v35.getriebeteile.jpg\"><img loading=\"lazy\" decoding=\"async\" class=\"aligncenter size-medium wp-image-2275\" src=\"https:\/\/victoria-ig.de\/wp-content\/uploads\/2017\/12\/v35.getriebeteile-300x212.jpg\" alt=\"\" width=\"300\" height=\"212\" srcset=\"https:\/\/victoria-ig.de\/wp-content\/uploads\/2017\/12\/v35.getriebeteile-300x212.jpg 300w, https:\/\/victoria-ig.de\/wp-content\/uploads\/2017\/12\/v35.getriebeteile-768x544.jpg 768w, https:\/\/victoria-ig.de\/wp-content\/uploads\/2017\/12\/v35.getriebeteile-1024x725.jpg 1024w, https:\/\/victoria-ig.de\/wp-content\/uploads\/2017\/12\/v35.getriebeteile-150x105.jpg 150w, https:\/\/victoria-ig.de\/wp-content\/uploads\/2017\/12\/v35.getriebeteile.jpg 1772w\" sizes=\"auto, (max-width: 300px) 100vw, 300px\" \/><\/a><\/p>\n<p>Keilwellenb\u00fcchsen<\/p>\n<p>Kickstartergelenkst\u00fcck und kompletter Kickstarter f\u00fcr zweite Kickstarterversion mit komplett schwenkbaren Kickstarterhebel<\/p>\n<p>Kickstarterwelle mit Kegelverzahnung, Fu\u00dfschalthebelwelle<\/p>\n<h4>Nachfertigungen der Kolben, Kolbenringe, Ventile und Ventilf\u00fchrungen f\u00fcr die Victoria V35 Bergmeister ab Baujahr 1953<\/h4>\n<p><a href=\"https:\/\/victoria-ig.de\/wp-content\/uploads\/2017\/12\/v35.kolben.ventile.jpg\"><img loading=\"lazy\" decoding=\"async\" class=\"aligncenter size-medium wp-image-2278\" src=\"https:\/\/victoria-ig.de\/wp-content\/uploads\/2017\/12\/v35.kolben.ventile-300x169.jpg\" alt=\"\" width=\"300\" height=\"169\" srcset=\"https:\/\/victoria-ig.de\/wp-content\/uploads\/2017\/12\/v35.kolben.ventile-300x169.jpg 300w, https:\/\/victoria-ig.de\/wp-content\/uploads\/2017\/12\/v35.kolben.ventile-768x432.jpg 768w, https:\/\/victoria-ig.de\/wp-content\/uploads\/2017\/12\/v35.kolben.ventile-1024x576.jpg 1024w, https:\/\/victoria-ig.de\/wp-content\/uploads\/2017\/12\/v35.kolben.ventile.jpg 1772w\" sizes=\"auto, (max-width: 300px) 100vw, 300px\" \/><\/a>Kolben mit ann\u00e4hernd gleichem Gewicht wie die Originalkolben<\/p>\n<p>Ventile und Ventilf\u00fchrungen<\/p>\n<p>Ohne Abbildung. Lagerb\u00fcchsen der Kipphebelwellen<\/p>\n<h4>Nachfertigungen verschiedener Sonderschrauben f\u00fcr die Victoria V35 Bergmeister ab Baujahr 1953<\/h4>\n<p><a href=\"https:\/\/victoria-ig.de\/wp-content\/uploads\/2017\/12\/v35.sonderschrauben.jpg\"><img loading=\"lazy\" decoding=\"async\" class=\"aligncenter size-medium wp-image-2280\" src=\"https:\/\/victoria-ig.de\/wp-content\/uploads\/2017\/12\/v35.sonderschrauben-300x169.jpg\" alt=\"\" width=\"300\" height=\"169\" srcset=\"https:\/\/victoria-ig.de\/wp-content\/uploads\/2017\/12\/v35.sonderschrauben-300x169.jpg 300w, https:\/\/victoria-ig.de\/wp-content\/uploads\/2017\/12\/v35.sonderschrauben-768x432.jpg 768w, https:\/\/victoria-ig.de\/wp-content\/uploads\/2017\/12\/v35.sonderschrauben-1024x576.jpg 1024w, https:\/\/victoria-ig.de\/wp-content\/uploads\/2017\/12\/v35.sonderschrauben.jpg 1772w\" sizes=\"auto, (max-width: 300px) 100vw, 300px\" \/><\/a><\/p>\n<p>Kickstarterdeckel M7 Senkkopf-Schlitzschrauben<\/p>\n<p>Motorgeh\u00e4usekontrollschraube f\u00fcr Schwungscheibe<\/p>\n<p>Verschlussschrauben f\u00fcr die Seitenwagenhalterungen am Rahmen<\/p>\n<p>Schalthebelwellenschrauben mit gro\u00dfen Kopf<\/p>\n","protected":false},"excerpt":{"rendered":"<p>Nachfertigungen von Getriebeteilen f\u00fcr die Victoria V35 Bergmeister ab Baujahr 1953 Keilwellenb\u00fcchsen Kickstartergelenkst\u00fcck und kompletter Kickstarter f\u00fcr zweite Kickstarterversion mit komplett schwenkbaren Kickstarterhebel Kickstarterwelle mit Kegelverzahnung, Fu\u00dfschalthebelwelle Nachfertigungen der Kolben, Kolbenringe, Ventile und Ventilf\u00fchrungen f\u00fcr die Victoria V35 Bergmeister ab Baujahr 1953 Kolben mit ann\u00e4hernd gleichem Gewicht wie die Originalkolben Ventile und Ventilf\u00fchrungen Ohne Abbildung. &hellip; <a href=\"https:\/\/victoria-ig.de\/?page_id=2302\" class=\"more-link\"><span class=\"screen-reader-text\">Nachfertigung: Getriebeteile &#8211; Kolben und Ventile &#8211; Sonderschrauben &#8211; V35 Bergmeister<\/span> weiterlesen<\/a><\/p>\n","protected":false},"author":2,"featured_media":0,"parent":372,"menu_order":0,"comment_status":"closed","ping_status":"closed","template":"","meta":{"footnotes":""},"class_list":["post-2302","page","type-page","status-publish","hentry"],"_links":{"self":[{"href":"https:\/\/victoria-ig.de\/index.php?rest_route=\/wp\/v2\/pages\/2302","targetHints":{"allow":["GET"]}}],"collection":[{"href":"https:\/\/victoria-ig.de\/index.php?rest_route=\/wp\/v2\/pages"}],"about":[{"href":"https:\/\/victoria-ig.de\/index.php?rest_route=\/wp\/v2\/types\/page"}],"author":[{"embeddable":true,"href":"https:\/\/victoria-ig.de\/index.php?rest_route=\/wp\/v2\/users\/2"}],"replies":[{"embeddable":true,"href":"https:\/\/victoria-ig.de\/index.php?rest_route=%2Fwp%2Fv2%2Fcomments&post=2302"}],"version-history":[{"count":0,"href":"https:\/\/victoria-ig.de\/index.php?rest_route=\/wp\/v2\/pages\/2302\/revisions"}],"up":[{"embeddable":true,"href":"https:\/\/victoria-ig.de\/index.php?rest_route=\/wp\/v2\/pages\/372"}],"wp:attachment":[{"href":"https:\/\/victoria-ig.de\/index.php?rest_route=%2Fwp%2Fv2%2Fmedia&parent=2302"}],"curies":[{"name":"wp","href":"https:\/\/api.w.org\/{rel}","templated":true}]}}