{"id":2293,"date":"2017-12-19T15:10:59","date_gmt":"2017-12-19T15:10:59","guid":{"rendered":"http:\/\/victoria-ig.de\/?page_id=2293"},"modified":"2017-12-20T07:09:35","modified_gmt":"2017-12-20T07:09:35","slug":"nachfertigung-federn-gummiteile-v35-bergmeister","status":"publish","type":"page","link":"https:\/\/victoria-ig.de\/?page_id=2293","title":{"rendered":"Nachfertigung: Federn &#8211; Gummiteile &#8211; V35 Bergmeister"},"content":{"rendered":"<h4>Nachgefertigte Federn f\u00fcr die Victoria V35 Bergmeister ab Baujahr 1953<\/h4>\n<p><a href=\"https:\/\/victoria-ig.de\/wp-content\/uploads\/2017\/12\/v35.federn.jpg\"><img loading=\"lazy\" decoding=\"async\" class=\"aligncenter size-medium wp-image-2284\" src=\"https:\/\/victoria-ig.de\/wp-content\/uploads\/2017\/12\/v35.federn-300x220.jpg\" alt=\"\" width=\"300\" height=\"220\" srcset=\"https:\/\/victoria-ig.de\/wp-content\/uploads\/2017\/12\/v35.federn-300x220.jpg 300w, https:\/\/victoria-ig.de\/wp-content\/uploads\/2017\/12\/v35.federn-768x562.jpg 768w, https:\/\/victoria-ig.de\/wp-content\/uploads\/2017\/12\/v35.federn-1024x750.jpg 1024w, https:\/\/victoria-ig.de\/wp-content\/uploads\/2017\/12\/v35.federn.jpg 1772w\" sizes=\"auto, (max-width: 300px) 100vw, 300px\" \/><\/a>Kleine Sto\u00dfd\u00e4mpferfeder der Hinterrradfederung<\/p>\n<p>Ventilfeder ca. 30 % verst\u00e4rkt,\u00a0Schaltautomatfeder,\u00a0Kickstarterfeder<\/p>\n<p>Kupplungsfeder, Fu\u00dfbremshebelfeder, Lenkradschlossfeder,<\/p>\n<p>ohne Abbildung: Feder f\u00fcr Motorgeh\u00e4useentl\u00fcftung<\/p>\n<p>&nbsp;<\/p>\n<h4>Nachgefertigte Gummiteile f\u00fcr die Victoria V35 Bergmeister ab Baujahr 1953<\/h4>\n<p><a href=\"https:\/\/victoria-ig.de\/wp-content\/uploads\/2017\/12\/v35.gummiteile.jpg\"><img loading=\"lazy\" decoding=\"async\" class=\"aligncenter size-medium wp-image-2276\" src=\"https:\/\/victoria-ig.de\/wp-content\/uploads\/2017\/12\/v35.gummiteile-300x225.jpg\" alt=\"\" width=\"300\" height=\"225\" srcset=\"https:\/\/victoria-ig.de\/wp-content\/uploads\/2017\/12\/v35.gummiteile-300x225.jpg 300w, https:\/\/victoria-ig.de\/wp-content\/uploads\/2017\/12\/v35.gummiteile-768x576.jpg 768w, https:\/\/victoria-ig.de\/wp-content\/uploads\/2017\/12\/v35.gummiteile-1024x768.jpg 1024w, https:\/\/victoria-ig.de\/wp-content\/uploads\/2017\/12\/v35.gummiteile.jpg 1772w\" sizes=\"auto, (max-width: 300px) 100vw, 300px\" \/><\/a><\/p>\n<p>Griffgummis, Motoraufnahme vorne, Fu\u00dfrastengummis (original l\u00e4ngsverrippt),\u00a0Getriebeauflage am Rahmen, Nutringe der Telegabel, Lagerung des Reibungsd\u00e4mpfers, Kabeldurchf\u00fchrungen, Gummi f\u00fcr Brems- und Schalthebel<\/p>\n<p>&nbsp;<\/p>\n","protected":false},"excerpt":{"rendered":"<p>Nachgefertigte Federn f\u00fcr die Victoria V35 Bergmeister ab Baujahr 1953 Kleine Sto\u00dfd\u00e4mpferfeder der Hinterrradfederung Ventilfeder ca. 30 % verst\u00e4rkt,\u00a0Schaltautomatfeder,\u00a0Kickstarterfeder Kupplungsfeder, Fu\u00dfbremshebelfeder, Lenkradschlossfeder, ohne Abbildung: Feder f\u00fcr Motorgeh\u00e4useentl\u00fcftung &nbsp; Nachgefertigte Gummiteile f\u00fcr die Victoria V35 Bergmeister ab Baujahr 1953 Griffgummis, Motoraufnahme vorne, Fu\u00dfrastengummis (original l\u00e4ngsverrippt),\u00a0Getriebeauflage am Rahmen, Nutringe der Telegabel, Lagerung des Reibungsd\u00e4mpfers, Kabeldurchf\u00fchrungen, Gummi f\u00fcr &hellip; <a href=\"https:\/\/victoria-ig.de\/?page_id=2293\" class=\"more-link\"><span class=\"screen-reader-text\">Nachfertigung: Federn &#8211; Gummiteile &#8211; V35 Bergmeister<\/span> weiterlesen<\/a><\/p>\n","protected":false},"author":2,"featured_media":0,"parent":0,"menu_order":0,"comment_status":"closed","ping_status":"closed","template":"","meta":{"footnotes":""},"class_list":["post-2293","page","type-page","status-publish","hentry"],"_links":{"self":[{"href":"https:\/\/victoria-ig.de\/index.php?rest_route=\/wp\/v2\/pages\/2293","targetHints":{"allow":["GET"]}}],"collection":[{"href":"https:\/\/victoria-ig.de\/index.php?rest_route=\/wp\/v2\/pages"}],"about":[{"href":"https:\/\/victoria-ig.de\/index.php?rest_route=\/wp\/v2\/types\/page"}],"author":[{"embeddable":true,"href":"https:\/\/victoria-ig.de\/index.php?rest_route=\/wp\/v2\/users\/2"}],"replies":[{"embeddable":true,"href":"https:\/\/victoria-ig.de\/index.php?rest_route=%2Fwp%2Fv2%2Fcomments&post=2293"}],"version-history":[{"count":0,"href":"https:\/\/victoria-ig.de\/index.php?rest_route=\/wp\/v2\/pages\/2293\/revisions"}],"wp:attachment":[{"href":"https:\/\/victoria-ig.de\/index.php?rest_route=%2Fwp%2Fv2%2Fmedia&parent=2293"}],"curies":[{"name":"wp","href":"https:\/\/api.w.org\/{rel}","templated":true}]}}