{"id":2288,"date":"2017-12-19T15:11:47","date_gmt":"2017-12-19T15:11:47","guid":{"rendered":"http:\/\/victoria-ig.de\/?page_id=2288"},"modified":"2017-12-20T06:54:58","modified_gmt":"2017-12-20T06:54:58","slug":"nachfertigung-motorbeleuchtung-hinterradkotfluegel-endklappe-v35-bergmeister","status":"publish","type":"page","link":"https:\/\/victoria-ig.de\/?page_id=2288","title":{"rendered":"Nachfertigung: Motorbeleuchtung &#8211; Hinterradkotfl\u00fcgel Endklappe- V35 Bergmeister"},"content":{"rendered":"<h4>Nachfertigung der Motorbeleuchtung f\u00fcr die Victoria V35 Bergmeister ab Baujahr 1953<\/h4>\n<p><a href=\"https:\/\/victoria-ig.de\/wp-content\/uploads\/2017\/12\/v35.motorlicht.rahmen_2.jpg\"><img loading=\"lazy\" decoding=\"async\" class=\"aligncenter size-medium wp-image-2279\" src=\"https:\/\/victoria-ig.de\/wp-content\/uploads\/2017\/12\/v35.motorlicht.rahmen_2-300x197.jpg\" alt=\"\" width=\"300\" height=\"197\" srcset=\"https:\/\/victoria-ig.de\/wp-content\/uploads\/2017\/12\/v35.motorlicht.rahmen_2-300x197.jpg 300w, https:\/\/victoria-ig.de\/wp-content\/uploads\/2017\/12\/v35.motorlicht.rahmen_2-768x505.jpg 768w, https:\/\/victoria-ig.de\/wp-content\/uploads\/2017\/12\/v35.motorlicht.rahmen_2-1024x674.jpg 1024w, https:\/\/victoria-ig.de\/wp-content\/uploads\/2017\/12\/v35.motorlicht.rahmen_2.jpg 1772w\" sizes=\"auto, (max-width: 300px) 100vw, 300px\" \/><\/a>Die serienm\u00e4\u00dfige Motorbeleuchtung sollte eine Reparatur oder einen Z\u00fcndkerzenwechsel bei Nacht erleichtern. Montiert wird sie an der vorderen Tankauflage im Rahmendreieck und leuchtet somit den Raum zwischen den beiden Zylindern aus.<\/p>\n<h4>Nachfertigung der Endklappe des Hinterradkotfl\u00fcgels f\u00fcr die Victoria V35 Bergmeister ab Baujahr 1953<\/h4>\n<p><a href=\"https:\/\/victoria-ig.de\/wp-content\/uploads\/2017\/12\/v35.hirakotfl_endklappe2.jpg\"><img loading=\"lazy\" decoding=\"async\" class=\"aligncenter size-medium wp-image-2277\" src=\"https:\/\/victoria-ig.de\/wp-content\/uploads\/2017\/12\/v35.hirakotfl_endklappe2-178x300.jpg\" alt=\"\" width=\"178\" height=\"300\" srcset=\"https:\/\/victoria-ig.de\/wp-content\/uploads\/2017\/12\/v35.hirakotfl_endklappe2-178x300.jpg 178w, https:\/\/victoria-ig.de\/wp-content\/uploads\/2017\/12\/v35.hirakotfl_endklappe2-768x1296.jpg 768w, https:\/\/victoria-ig.de\/wp-content\/uploads\/2017\/12\/v35.hirakotfl_endklappe2-607x1024.jpg 607w, https:\/\/victoria-ig.de\/wp-content\/uploads\/2017\/12\/v35.hirakotfl_endklappe2.jpg 1536w\" sizes=\"auto, (max-width: 178px) 100vw, 178px\" \/><\/a>Abnehmbare Endklappe f\u00fcr das Hinterradschutzblech<\/p>\n","protected":false},"excerpt":{"rendered":"<p>Nachfertigung der Motorbeleuchtung f\u00fcr die Victoria V35 Bergmeister ab Baujahr 1953 Die serienm\u00e4\u00dfige Motorbeleuchtung sollte eine Reparatur oder einen Z\u00fcndkerzenwechsel bei Nacht erleichtern. Montiert wird sie an der vorderen Tankauflage im Rahmendreieck und leuchtet somit den Raum zwischen den beiden Zylindern aus. Nachfertigung der Endklappe des Hinterradkotfl\u00fcgels f\u00fcr die Victoria V35 Bergmeister ab Baujahr 1953 &hellip; <a href=\"https:\/\/victoria-ig.de\/?page_id=2288\" class=\"more-link\"><span class=\"screen-reader-text\">Nachfertigung: Motorbeleuchtung &#8211; Hinterradkotfl\u00fcgel Endklappe- V35 Bergmeister<\/span> weiterlesen<\/a><\/p>\n","protected":false},"author":2,"featured_media":0,"parent":0,"menu_order":0,"comment_status":"closed","ping_status":"closed","template":"","meta":{"footnotes":""},"class_list":["post-2288","page","type-page","status-publish","hentry"],"_links":{"self":[{"href":"https:\/\/victoria-ig.de\/index.php?rest_route=\/wp\/v2\/pages\/2288","targetHints":{"allow":["GET"]}}],"collection":[{"href":"https:\/\/victoria-ig.de\/index.php?rest_route=\/wp\/v2\/pages"}],"about":[{"href":"https:\/\/victoria-ig.de\/index.php?rest_route=\/wp\/v2\/types\/page"}],"author":[{"embeddable":true,"href":"https:\/\/victoria-ig.de\/index.php?rest_route=\/wp\/v2\/users\/2"}],"replies":[{"embeddable":true,"href":"https:\/\/victoria-ig.de\/index.php?rest_route=%2Fwp%2Fv2%2Fcomments&post=2288"}],"version-history":[{"count":0,"href":"https:\/\/victoria-ig.de\/index.php?rest_route=\/wp\/v2\/pages\/2288\/revisions"}],"wp:attachment":[{"href":"https:\/\/victoria-ig.de\/index.php?rest_route=%2Fwp%2Fv2%2Fmedia&parent=2288"}],"curies":[{"name":"wp","href":"https:\/\/api.w.org\/{rel}","templated":true}]}}