{"id":197,"date":"2017-08-04T08:30:23","date_gmt":"2017-08-04T08:30:23","guid":{"rendered":"http:\/\/ig-victoria.de\/?page_id=197"},"modified":"2017-08-16T12:43:56","modified_gmt":"2017-08-16T12:43:56","slug":"fahrzeuge-und-typreferenten","status":"publish","type":"page","link":"https:\/\/victoria-ig.de\/?page_id=197","title":{"rendered":"Modelle und Typreferenten"},"content":{"rendered":"<p>Typreferenten unterst\u00fctzen die IG-Mitglieder mit Rat und Tat bei der Restaurierung ihrer Fahrzeuge und stellen Kopien von Unterlagen (gegen Kostenerstattung) zur Verf\u00fcgung.<\/p>\n<p>Fragen kostet nichts, aber bedenkt dabei bitte, dass dies eine ehrenamtliche T\u00e4tigkeit ist, die einen gro\u00dfen Einsatz abverlangt und viel Freizeit ben\u00f6tigt.!<\/p>\n<p><a href=\"https:\/\/victoria-ig.de\/?page_id=349\">Boxermodelle von KR I bis KR 6 Bergmeister<\/a><\/p>\n<p><a href=\"https:\/\/victoria-ig.de\/?page_id=352\">KR 35 Sturmey Archer &#8211; Baujahr 1928 &#8211; 1934<\/a><\/p>\n<p><a href=\"https:\/\/victoria-ig.de\/?page_id=354\">KR 50 ohv\/sv<\/a><\/p>\n<p><a href=\"https:\/\/victoria-ig.de\/?page_id=356\">KR 8\/9 Fahrmeister<\/a><\/p>\n<p><a href=\"https:\/\/victoria-ig.de\/?page_id=358\">KR 35 B\/G Lackler &#8211; Baujahr 1934 &#8211; 1937<\/a><\/p>\n<p><a href=\"https:\/\/victoria-ig.de\/?page_id=360\">KR 35 S\u00a0 &#8211; Baujahr 1937 &#8211; 1938<\/a><\/p>\n<p><a href=\"https:\/\/victoria-ig.de\/?page_id=362\">KR 35 SN\/SS\/WH Pionier<\/a><\/p>\n<p><a href=\"https:\/\/victoria-ig.de\/?page_id=364\">KR 20 EN\/LN, Aero KR 25 S, KR 25, KR 25 HM, KR 26\/26 N<\/a><\/p>\n<p><a href=\"https:\/\/victoria-ig.de\/?page_id=366\">FM 38, Vicky II, KR 10\/Fix, KR 125 Bi Fix, V99 Sachs Motor, V99 N Victoria Motor<\/a><\/p>\n<p><a href=\"https:\/\/victoria-ig.de\/?page_id=368\">Vicky III &#8211; IV, Tory, Avanti, Super Luxus, Preciosa<\/a><\/p>\n<p><a href=\"https:\/\/victoria-ig.de\/?page_id=370\">KR 21 Swing, Peggy<\/a><\/p>\n<p><a href=\"https:\/\/victoria-ig.de\/?page_id=372\">V35 Bergmeister<\/a><\/p>\n<p><a href=\"https:\/\/victoria-ig.de\/?page_id=374\">KR 17 Parilla<\/a><\/p>\n<p><a href=\"https:\/\/victoria-ig.de\/?page_id=376\">Fahrr\u00e4der<\/a><\/p>\n","protected":false},"excerpt":{"rendered":"<p>Typreferenten unterst\u00fctzen die IG-Mitglieder mit Rat und Tat bei der Restaurierung ihrer Fahrzeuge und stellen Kopien von Unterlagen (gegen Kostenerstattung) zur Verf\u00fcgung. Fragen kostet nichts, aber bedenkt dabei bitte, dass dies eine ehrenamtliche T\u00e4tigkeit ist, die einen gro\u00dfen Einsatz abverlangt und viel Freizeit ben\u00f6tigt.! Boxermodelle von KR I bis KR 6 Bergmeister KR 35 Sturmey &hellip; <a href=\"https:\/\/victoria-ig.de\/?page_id=197\" class=\"more-link\"><span class=\"screen-reader-text\">Modelle und Typreferenten<\/span> weiterlesen<\/a><\/p>\n","protected":false},"author":1,"featured_media":0,"parent":0,"menu_order":0,"comment_status":"closed","ping_status":"closed","template":"","meta":{"footnotes":""},"class_list":["post-197","page","type-page","status-publish","hentry"],"_links":{"self":[{"href":"https:\/\/victoria-ig.de\/index.php?rest_route=\/wp\/v2\/pages\/197","targetHints":{"allow":["GET"]}}],"collection":[{"href":"https:\/\/victoria-ig.de\/index.php?rest_route=\/wp\/v2\/pages"}],"about":[{"href":"https:\/\/victoria-ig.de\/index.php?rest_route=\/wp\/v2\/types\/page"}],"author":[{"embeddable":true,"href":"https:\/\/victoria-ig.de\/index.php?rest_route=\/wp\/v2\/users\/1"}],"replies":[{"embeddable":true,"href":"https:\/\/victoria-ig.de\/index.php?rest_route=%2Fwp%2Fv2%2Fcomments&post=197"}],"version-history":[{"count":0,"href":"https:\/\/victoria-ig.de\/index.php?rest_route=\/wp\/v2\/pages\/197\/revisions"}],"wp:attachment":[{"href":"https:\/\/victoria-ig.de\/index.php?rest_route=%2Fwp%2Fv2%2Fmedia&parent=197"}],"curies":[{"name":"wp","href":"https:\/\/api.w.org\/{rel}","templated":true}]}}