{"id":17718,"date":"2022-03-29T06:06:57","date_gmt":"2022-03-29T06:06:57","guid":{"rendered":"https:\/\/victoria-ig.de\/?page_id=17718"},"modified":"2022-03-29T06:06:57","modified_gmt":"2022-03-29T06:06:57","slug":"daenemarktreffen-2022-einladung-martin-hojholdt-und-daniel-nehrkorn","status":"publish","type":"page","link":"https:\/\/victoria-ig.de\/?page_id=17718","title":{"rendered":"D\u00e4nemarktreffen 2022 &#8211; Einladung Martin H\u00f8jholdt und Daniel Nehrkorn"},"content":{"rendered":"<p><strong>Treffen in D\u00e4nemark 2022<\/strong><\/p>\n<p>ORT:<\/p>\n<p>Skovengen 22, T\u00f8rsb\u00f8l<\/p>\n<p>DK 6300 Gr\u00e5sten<\/p>\n<p>(ca. 15km von der deutsch\/d\u00e4nischen Grenze entfernt)<\/p>\n<p><iframe loading=\"lazy\" src=\"https:\/\/www.google.com\/maps\/embed?pb=!1m18!1m12!1m3!1d2293.43832776253!2d9.486552215898085!3d54.91277998033697!2m3!1f0!2f0!3f0!3m2!1i1024!2i768!4f13.1!3m3!1m2!1s0x47b34510c5408e29%3A0x7e988add736fd7c7!2sSkovengen%2022%2C%206300%20Gr%C3%A5sten%2C%20D%C3%A4nemark!5e0!3m2!1sde!2sde!4v1647267744590!5m2!1sde!2sde\" width=\"600\" height=\"450\" allowfullscreen=\"allowfullscreen\" data-mce-fragment=\"1\"><\/iframe><br \/>\nTeilnahmegeb\u00fchr: \u00a0 25,-\u20ac<\/p>\n<p>Zeitpunkt: 17. bis 19. Juni 2022<\/p>\n<p>Freitag, den 17. Juni: Anreise ab 14:00 Uhr<\/p>\n<p>Das Abendbrot kann zu g\u00fcnstigen Preisen bei Daniel vorbestellt werden.<\/p>\n<p>&nbsp;<\/p>\n<p>Samstag, den 18. Juni:<\/p>\n<p><strong>&#8211; <\/strong><strong>TAGESPROGRAMM \u2013 <\/strong><\/p>\n<p>Nach dem gemeinsamen Fr\u00fchst\u00fcck, das bereits im Preis enthalten ist, geht die Ausfahrt los.<\/p>\n<p>Das Fr\u00fchst\u00fcck beinhaltet: &#8211; Br\u00f6tchen mit Aufschnitt<\/p>\n<p>&#8211; Kaffee oder Tee, Milch und O-Saft<\/p>\n<p>Unterwegs wird das Mittagessen serviert:<\/p>\n<p>2 W\u00fcrstchen und 1 Kotelett mit Beilagen<\/p>\n<p>sind bereits im Preis enthalten.<\/p>\n<p>Die Ausfahrt hat eine L\u00e4nge von ca. 80 bis 100 km und ist f\u00fcr alle Fahrzeuge mit einer Mindestgeschwindigkeit von 45 Km\/h ausgelegt.<\/p>\n<p>Nach dem Ende der Ausfahrt ist die R\u00fcckkehr zum Startpunkt vorgesehen.<\/p>\n<p>Dort kann ein Abendessen bei Daniel vorbestellt werden.<\/p>\n<p><strong>DAS ABENDESSEN IST NICHT IM PREIS ENTHALTEN <\/strong><\/p>\n<p>Sonntag, den 19. Juni:<\/p>\n<p>Das Fr\u00fchst\u00fcck muss bei Daniel vorbestellt werden.<\/p>\n<p><strong>DAS FR\u00dcHST\u00dcCK IST NICHT IM PREIS ENTHALTEN <\/strong><\/p>\n<p>Nach dem gemeinsamen Fr\u00fchst\u00fcck ist die allgemeine Heimreise geplant.<\/p>\n<p>Der Sportplatz muss bis sp\u00e4testens 12:00 Uhr verlassen werden.<\/p>\n<p><a href=\"https:\/\/victoria-ig.de\/wp-content\/uploads\/2022\/02\/victoria_DK2.png\"><img loading=\"lazy\" decoding=\"async\" class=\"aligncenter size-medium wp-image-17687\" src=\"https:\/\/victoria-ig.de\/wp-content\/uploads\/2022\/02\/victoria_DK2-300x300.png\" alt=\"\" width=\"300\" height=\"300\" srcset=\"https:\/\/victoria-ig.de\/wp-content\/uploads\/2022\/02\/victoria_DK2-300x300.png 300w, https:\/\/victoria-ig.de\/wp-content\/uploads\/2022\/02\/victoria_DK2-150x150.png 150w, https:\/\/victoria-ig.de\/wp-content\/uploads\/2022\/02\/victoria_DK2.png 304w\" sizes=\"auto, (max-width: 300px) 100vw, 300px\" \/><\/a><\/p>\n<p><strong>Anmeldung:<\/strong><\/p>\n<p>&#8211; bis sp\u00e4testens 10. Juni 2022 bei Daniel Nehrkorn &#8211; Tel: 0045 25379396<\/p>\n<p>&#8211; Email: <a href=\"mailto:danielakaslax@gmail.com\">danielakaslax@gmail.com<\/a><\/p>\n<p>&#8211; gew\u00fcnschte Mahlzeiten bitte gleich mit angeben<\/p>\n<p>&#8211; die Bezahlung findet vor Ort statt<\/p>\n<p>&nbsp;<\/p>\n<p>\u00dcbernachtungsm\u00f6glichkeiten:<\/p>\n<p>Auf dem Sportplatz stehen 3 Shelter zur Verf\u00fcgung:<\/p>\n<p>&#8211; es kann nicht vorbestellt werden<\/p>\n<p>&#8211; es gilt das \u201eWindhundprinzip\u201c<\/p>\n<p>Es k\u00f6nnen Zelte aufgebaut werden, oder mit dem Wohnwagen \/ Wohnmobil angereist werden.<\/p>\n<p>Toiletten und Waschm\u00f6glichkeiten befinden sich im Clubhaus.<\/p>\n<p><a href=\"https:\/\/victoria-ig.de\/wp-content\/uploads\/2022\/02\/victoria_DK.png\"><img loading=\"lazy\" decoding=\"async\" class=\"aligncenter size-medium wp-image-17688\" src=\"https:\/\/victoria-ig.de\/wp-content\/uploads\/2022\/02\/victoria_DK-300x300.png\" alt=\"\" width=\"300\" height=\"300\" srcset=\"https:\/\/victoria-ig.de\/wp-content\/uploads\/2022\/02\/victoria_DK-300x300.png 300w, https:\/\/victoria-ig.de\/wp-content\/uploads\/2022\/02\/victoria_DK-150x150.png 150w, https:\/\/victoria-ig.de\/wp-content\/uploads\/2022\/02\/victoria_DK.png 310w\" sizes=\"auto, (max-width: 300px) 100vw, 300px\" \/><\/a><\/p>\n<p>Viele Gr\u00fc\u00dfe aus D\u00e4nemark Martin H\u00f8jholdt und Daniel Nehrkorn<\/p>\n<p>&nbsp;<\/p>\n","protected":false},"excerpt":{"rendered":"<p>Treffen in D\u00e4nemark 2022 ORT: Skovengen 22, T\u00f8rsb\u00f8l DK 6300 Gr\u00e5sten (ca. 15km von der deutsch\/d\u00e4nischen Grenze entfernt) Teilnahmegeb\u00fchr: \u00a0 25,-\u20ac Zeitpunkt: 17. bis 19. Juni 2022 Freitag, den 17. Juni: Anreise ab 14:00 Uhr Das Abendbrot kann zu g\u00fcnstigen Preisen bei Daniel vorbestellt werden. &nbsp; Samstag, den 18. Juni: &#8211; TAGESPROGRAMM \u2013 Nach dem &hellip; <a href=\"https:\/\/victoria-ig.de\/?page_id=17718\" class=\"more-link\"><span class=\"screen-reader-text\">D\u00e4nemarktreffen 2022 &#8211; Einladung Martin H\u00f8jholdt und Daniel Nehrkorn<\/span> weiterlesen<\/a><\/p>\n","protected":false},"author":1,"featured_media":0,"parent":0,"menu_order":0,"comment_status":"closed","ping_status":"closed","template":"","meta":{"footnotes":""},"class_list":["post-17718","page","type-page","status-publish","hentry"],"_links":{"self":[{"href":"https:\/\/victoria-ig.de\/index.php?rest_route=\/wp\/v2\/pages\/17718","targetHints":{"allow":["GET"]}}],"collection":[{"href":"https:\/\/victoria-ig.de\/index.php?rest_route=\/wp\/v2\/pages"}],"about":[{"href":"https:\/\/victoria-ig.de\/index.php?rest_route=\/wp\/v2\/types\/page"}],"author":[{"embeddable":true,"href":"https:\/\/victoria-ig.de\/index.php?rest_route=\/wp\/v2\/users\/1"}],"replies":[{"embeddable":true,"href":"https:\/\/victoria-ig.de\/index.php?rest_route=%2Fwp%2Fv2%2Fcomments&post=17718"}],"version-history":[{"count":0,"href":"https:\/\/victoria-ig.de\/index.php?rest_route=\/wp\/v2\/pages\/17718\/revisions"}],"wp:attachment":[{"href":"https:\/\/victoria-ig.de\/index.php?rest_route=%2Fwp%2Fv2%2Fmedia&parent=17718"}],"curies":[{"name":"wp","href":"https:\/\/api.w.org\/{rel}","templated":true}]}}